{"id":4322,"date":"2018-06-21T13:54:04","date_gmt":"2018-06-21T11:54:04","guid":{"rendered":"https:\/\/biopoultry.eu\/ueber-uns\/"},"modified":"2022-03-14T09:29:53","modified_gmt":"2022-03-14T08:29:53","slug":"ueber-uns","status":"publish","type":"page","link":"https:\/\/biopoultry.eu\/de\/ueber-uns\/","title":{"rendered":"\u00dcber uns"},"content":{"rendered":"<p>[vc_row css=&#8220;.vc_custom_1644324414446{margin-top: 70px !important;margin-bottom: 0px !important;padding-bottom: 0px !important;}&#8220;][vc_column css_animation=&#8220;fadeInUp&#8220; width=&#8220;1\/2&#8243; css=&#8220;.vc_custom_1620808464435{padding-top: 0px !important;}&#8220; el_class=&#8220;about-video&#8220;][vc_single_image image=&#8220;3689&#8243; img_size=&#8220;full&#8220; alignment=&#8220;center&#8220; css=&#8220;.vc_custom_1643888615057{padding-top: 0px !important;}&#8220;][vc_row_inner disable_element=&#8220;yes&#8220; css=&#8220;.vc_custom_1643888204733{margin-top: -120px !important;margin-bottom: 0px !important;margin-left: -30px !important;}&#8220;][vc_column_inner]<script>\n                jQuery(document).ready(function() {\n                  jQuery(\".popup-vimeo-video\").magnificPopup({\n                  \ttype:\"iframe\",\n\t              \tdisableOn: 700,\n\t\t\t\t\tremovalDelay: 160,\n\t\t\t\t\tpreloader: false,\n\t\t\t\t\tfixedContentPos: false\n\t\t\t\t});\n\n\n                  jQuery(\".popup-vimeo-youtube\").magnificPopup({\n                  \ttype:\"iframe\",\n             \t\tdisableOn: 700,\n\t\t\t\t\tremovalDelay: 160,\n\t\t\t\t\tpreloader: false,\n\t\t\t\t\tfixedContentPos: false});\n                });\n                \n              <\/script><div class=\"mt_video row\"><div class=\"wow fadeInUp\"><a class=\"popup-vimeo-youtube\" href=\"https:\/\/www.youtube.com\/watch?v=vmSsQMcJOiI\" data-rel=\"lightbox-video-0\" rel=\"nofollow noopener\" target=\"_blank\"><img class=\"buton_image_class\" src=\"https:\/\/biopoultry.eu\/wp-content\/uploads\/2021\/04\/play-button-2.png\" data-src=\"https:\/\/biopoultry.eu\/wp-content\/uploads\/2021\/04\/play-button-2.png\" alt=\"\"><\/a><\/div><\/div>[\/vc_column_inner][\/vc_row_inner][\/vc_column][vc_column width=&#8220;1\/2&#8243;]<div class=\"title-subtile-holder wow fadeInUp text_left\"><div class=\"subtitle-wrapper\"><span class=\"section-border left orange_border\"><\/span><span class=\"section-subtitle orange_subtitle\">KOMPLEXE DIENSTLEISTUNG<\/span><span class=\"section-border right orange_border\"><\/span><\/div><h2 class=\"section-title dark_title\">Wir sind in Deutschland und Europa t\u00e4tig<\/h2><\/div>[vc_empty_space height=&#8220;30px&#8220;][vc_column_text css_animation=&#8220;fadeInUp&#8220;]<\/p>\n<p>Wir arbeiten mit f\u00fchrenden und innovativen Vertretungen von Unternehmen zusammen, die Ausr\u00fcstung f\u00fcr Gefl\u00fcgelfarmen herstellen, bieten umfassende Serviceleistungen in Deutschland und Europa an. Wir unterst\u00fctzen Investitionen von der Planungsphase bis zur Inbetriebnahme der Anlage. Wir haben Erfahrung in der Ausstattung von Anlagen f\u00fcr jede Gefl\u00fcgelart. Wir f\u00fchren komplette Installationen von Systemen in neuen Einrichtungen aus, passen bestehende f\u00fcr Gefl\u00fcgelfarmen an und modernisieren bestehende Geb\u00e4ude. F\u00fcr jede Investition machen wir einen individuellen Kostenvoranschlag. Im Rahmen des Projekts geben wir dem Kunden eine illustrative Zeichnung, die u.a. die Abmessungen des Objekts, Installationselemente und eine 3D-Visualisierung der Beleuchtung enth\u00e4lt.<\/p>\n<p>[\/vc_column_text][vc_empty_space height=&#8220;30px&#8220;][\/vc_column][\/vc_row][vc_row full_width=&#8220;stretch_row&#8220; css=&#8220;.vc_custom_1644324562793{margin-top: 50px !important;margin-bottom: 80px !important;padding-top: 75px !important;padding-bottom: 50px !important;background-color: #f2f2f2 !important;}&#8220; el_class=&#8220;g44-column-reverse&#8220;][vc_column width=&#8220;1\/2&#8243;]<div class=\"title-subtile-holder wow fadeInUp text_left\"><div class=\"subtitle-wrapper\"><span class=\"section-border left orange_border\"><\/span><span class=\"section-subtitle orange_subtitle\">OPTIMIERTE PRODUKTION<\/span><span class=\"section-border right orange_border\"><\/span><\/div><h2 class=\"section-title dark_title\">Gepr\u00fcfte technologische L\u00f6sungen f\u00fcr die H\u00fchnerfarm<\/h2><\/div>[vc_empty_space height=&#8220;30px&#8220;][vc_column_text css_animation=&#8220;fadeInUp&#8220;]Wir versuchen, die Kosten der Tierproduktion m\u00f6glich zu minimieren, indem wir innovative, neueste und bew\u00e4hrte technologische L\u00f6sungen implementieren. Die Gefl\u00fcgelfarmger\u00e4te installieren erstklassige Montageteams, die aus qualifizierten Mitarbeitern bestehen, die in unserem Unternehmen fest besch\u00e4ftigt sind oder mit uns in ganz Europa zusammenarbeiten. Wir setzen alles daran, dass unsere Systeme funktional, effizient und zuverl\u00e4ssig sind. Nach jeder Installation f\u00fchren wir die erste Inbetriebnahme durch, stellen die Bel\u00fcftung durch Benebelung, Anemometertests und Messung der Beleuchtungsintensit\u00e4t ein. Wir f\u00fchren auch Wartungsdienstleistungen in H\u00fchnerst\u00e4llen aus, wobei unsere Mitarbeiter Ferndiagnosen \u00fcber das Internet (falls verf\u00fcgbar) der Fehler machen oder bei der L\u00f6sung der Installationsprobleme helfen k\u00f6nnen. Wir versuchen einen Kompromiss zwischen Qualit\u00e4t und Preis zu finden, basierend auf den W\u00fcnschen unserer Kunden. In unserem Sortiment finden Sie alles, was gebraucht wird, um einen Bauernhof, eine Gefl\u00fcgelfarm und anderes zu f\u00fchren&#8230;[\/vc_column_text][vc_empty_space height=&#8220;30px&#8220;][\/vc_column][vc_column css_animation=&#8220;fadeInUp&#8220; width=&#8220;1\/2&#8243; css=&#8220;.vc_custom_1620808464435{padding-top: 0px !important;}&#8220; el_class=&#8220;about-video&#8220;][vc_single_image image=&#8220;3712&#8243; img_size=&#8220;full&#8220; alignment=&#8220;center&#8220; css=&#8220;.vc_custom_1643889326360{padding-top: 0px !important;}&#8220;][vc_column_text]<\/p>\n<div id='gallery-1' class='gallery galleryid-4322 gallery-columns-4 gallery-size-thumbnail'><figure class='gallery-item'>\n\t\t\t<div class='gallery-icon landscape'>\n\t\t\t\t<a href=\"https:\/\/biopoultry.eu\/wp-content\/uploads\/2022\/02\/T-1700-i-T-3000-fot.3.jpg\" title=\"\" data-rl_title=\"\" class=\"rl-gallery-link\" data-rl_caption=\"\" data-rel=\"lightbox-gallery-1\" data-rl_><img width=\"400\" height=\"400\" src=\"https:\/\/biopoultry.eu\/wp-content\/uploads\/2022\/02\/T-1700-i-T-3000-fot.3-400x400.jpg\" class=\"attachment-thumbnail size-thumbnail\" alt=\"\" decoding=\"async\" loading=\"lazy\" srcset=\"https:\/\/biopoultry.eu\/wp-content\/uploads\/2022\/02\/T-1700-i-T-3000-fot.3-400x400.jpg 400w, https:\/\/biopoultry.eu\/wp-content\/uploads\/2022\/02\/T-1700-i-T-3000-fot.3-100x100.jpg 100w, https:\/\/biopoultry.eu\/wp-content\/uploads\/2022\/02\/T-1700-i-T-3000-fot.3-200x200.jpg 200w\" sizes=\"(max-width: 400px) 100vw, 400px\" \/><\/a>\n\t\t\t<\/div><\/figure><figure class='gallery-item'>\n\t\t\t<div class='gallery-icon landscape'>\n\t\t\t\t<a href=\"https:\/\/biopoultry.eu\/wp-content\/uploads\/2022\/02\/T100-07.jpg\" title=\"\" data-rl_title=\"\" class=\"rl-gallery-link\" data-rl_caption=\"\" data-rel=\"lightbox-gallery-1\" data-rl_><img width=\"400\" height=\"400\" src=\"https:\/\/biopoultry.eu\/wp-content\/uploads\/2022\/02\/T100-07-400x400.jpg\" class=\"attachment-thumbnail size-thumbnail\" alt=\"\" decoding=\"async\" loading=\"lazy\" srcset=\"https:\/\/biopoultry.eu\/wp-content\/uploads\/2022\/02\/T100-07-400x400.jpg 400w, https:\/\/biopoultry.eu\/wp-content\/uploads\/2022\/02\/T100-07-100x100.jpg 100w, https:\/\/biopoultry.eu\/wp-content\/uploads\/2022\/02\/T100-07-200x200.jpg 200w\" sizes=\"(max-width: 400px) 100vw, 400px\" \/><\/a>\n\t\t\t<\/div><\/figure><figure class='gallery-item'>\n\t\t\t<div class='gallery-icon landscape'>\n\t\t\t\t<a href=\"https:\/\/biopoultry.eu\/wp-content\/uploads\/2022\/02\/T150-00006.jpg\" title=\"\" data-rl_title=\"\" class=\"rl-gallery-link\" data-rl_caption=\"\" data-rel=\"lightbox-gallery-1\" data-rl_><img width=\"400\" height=\"400\" src=\"https:\/\/biopoultry.eu\/wp-content\/uploads\/2022\/02\/T150-00006-400x400.jpg\" class=\"attachment-thumbnail size-thumbnail\" alt=\"\" decoding=\"async\" loading=\"lazy\" srcset=\"https:\/\/biopoultry.eu\/wp-content\/uploads\/2022\/02\/T150-00006-400x400.jpg 400w, https:\/\/biopoultry.eu\/wp-content\/uploads\/2022\/02\/T150-00006-100x100.jpg 100w, https:\/\/biopoultry.eu\/wp-content\/uploads\/2022\/02\/T150-00006-200x200.jpg 200w\" sizes=\"(max-width: 400px) 100vw, 400px\" \/><\/a>\n\t\t\t<\/div><\/figure><figure class='gallery-item'>\n\t\t\t<div class='gallery-icon landscape'>\n\t\t\t\t<a href=\"https:\/\/biopoultry.eu\/wp-content\/uploads\/2022\/02\/T150-04.jpg\" title=\"\" data-rl_title=\"\" class=\"rl-gallery-link\" data-rl_caption=\"\" data-rel=\"lightbox-gallery-1\" data-rl_><img width=\"400\" height=\"400\" src=\"https:\/\/biopoultry.eu\/wp-content\/uploads\/2022\/02\/T150-04-400x400.jpg\" class=\"attachment-thumbnail size-thumbnail\" alt=\"\" decoding=\"async\" loading=\"lazy\" srcset=\"https:\/\/biopoultry.eu\/wp-content\/uploads\/2022\/02\/T150-04-400x400.jpg 400w, https:\/\/biopoultry.eu\/wp-content\/uploads\/2022\/02\/T150-04-100x100.jpg 100w, https:\/\/biopoultry.eu\/wp-content\/uploads\/2022\/02\/T150-04-200x200.jpg 200w\" sizes=\"(max-width: 400px) 100vw, 400px\" \/><\/a>\n\t\t\t<\/div><\/figure>\n\t\t<\/div>\n\n<p>[\/vc_column_text][vc_row_inner disable_element=&#8220;yes&#8220; css=&#8220;.vc_custom_1643888204733{margin-top: -120px !important;margin-bottom: 0px !important;margin-left: -30px !important;}&#8220;][vc_column_inner]<script>\n                jQuery(document).ready(function() {\n                  jQuery(\".popup-vimeo-video\").magnificPopup({\n                  \ttype:\"iframe\",\n\t              \tdisableOn: 700,\n\t\t\t\t\tremovalDelay: 160,\n\t\t\t\t\tpreloader: false,\n\t\t\t\t\tfixedContentPos: false\n\t\t\t\t});\n\n\n                  jQuery(\".popup-vimeo-youtube\").magnificPopup({\n                  \ttype:\"iframe\",\n             \t\tdisableOn: 700,\n\t\t\t\t\tremovalDelay: 160,\n\t\t\t\t\tpreloader: false,\n\t\t\t\t\tfixedContentPos: false});\n                });\n                \n              <\/script><div class=\"mt_video row\"><div class=\"wow fadeInUp\"><a class=\"popup-vimeo-youtube\" href=\"https:\/\/www.youtube.com\/watch?v=vmSsQMcJOiI\" data-rel=\"lightbox-video-0\" rel=\"nofollow noopener\" target=\"_blank\"><img class=\"buton_image_class\" src=\"https:\/\/biopoultry.eu\/wp-content\/uploads\/2021\/04\/play-button-2.png\" data-src=\"https:\/\/biopoultry.eu\/wp-content\/uploads\/2021\/04\/play-button-2.png\" alt=\"\"><\/a><\/div><\/div>[\/vc_column_inner][\/vc_row_inner][\/vc_column][\/vc_row][vc_row full_width=&#8220;stretch_row&#8220; disable_element=&#8220;yes&#8220; css=&#8220;.vc_custom_1644324331268{margin-bottom: 0px !important;padding-top: 70px !important;padding-bottom: 45px !important;background: #002359 url(https:\/\/biopoultry.eu\/wp-content\/uploads\/2022\/02\/T150-00012.jpg?id=3680) !important;background-position: center !important;background-repeat: no-repeat !important;background-size: cover !important;}&#8220; el_class=&#8220;g44-overflow&#8220;][vc_column width=&#8220;2\/12&#8243;][\/vc_column][vc_column width=&#8220;8\/12&#8243;]<div class=\"title-subtile-holder wow fadeInUp text_center\"><div class=\"subtitle-wrapper\"><span class=\"section-border left light_border\"><\/span><span class=\"section-subtitle light_subtitle\">SPRECHEN \u00dcBER UNS<\/span><span class=\"section-border right light_border\"><\/span><\/div><h2 class=\"section-title light_title\">Meinungen unserer Kunden<\/h2><\/div>[vc_empty_space height=&#8220;40px&#8220;]<div class=\"vc_row\"><div class=\"wow fadeInUp testimonials-container-1 owl-carousel owl-theme\"><\/div>\n\n    \t<\/div>[\/vc_column][vc_column width=&#8220;2\/12&#8243;][\/vc_column][\/vc_row][vc_row css=&#8220;.vc_custom_1644324433156{margin-top: 0px !important;margin-bottom: 75px !important;padding-top: 0px !important;}&#8220;][vc_column css=&#8220;.vc_custom_1617803397482{padding-top: 0px !important;}&#8220;]<div class=\"title-subtile-holder wow fadeInUp text_center\"><div class=\"subtitle-wrapper\"><span class=\"section-border left orange_border\"><\/span><span class=\"section-subtitle orange_subtitle\">PR\u00dcFEN SIE UNSER ANGEBOT<\/span><span class=\"section-border right orange_border\"><\/span><\/div><h2 class=\"section-title dark_title\">Mobile H\u00fchnerst\u00e4lle<\/h2><\/div>[vc_empty_space height=&#8220;30px&#8220;]<div class=\"blog-posts simple-posts blog-posts-shortcode wow fadeInUp\"><div class=\"row\"><div class=\"vc_col-sm-4\">\n                      <article class=\"single-post list-view\">\n                        <div class=\"blog_custom\">\n                          <!-- POST THUMBNAIL -->\n                          <div class=\"col-md-12 post-thumbnail\">\n                              <a class=\"relative\" href=\"https:\/\/biopoultry.eu\/de\/mobiler-huehnerstall-mobile-t-100\/\">\n                                <div class=\"featured_image_blog\"><img class=\"blog_post_image\" src=\"https:\/\/biopoultry.eu\/wp-content\/uploads\/2022\/02\/T100-10.jpg\" alt=\"Mobiler H\u00fchnerstall MOBILE T-100\" \/><div class=\"flex-zone\">\n                                     <div class=\"flex-zone-inside\"><i class=\"fa fa-plus\" aria-hidden=\"true\"><\/i><\/div>\n                                  <\/div>\n                                <\/div>\n                              <\/a>\n                          <\/div>\n                          <!-- POST DETAILS -->\n                          <div class=\"post-details col-md-12\">\n                            <div class=\"post-category-comment-date\">\n                                <span class=\"post-date\">April 10, 2021<\/span>\n                            <\/div>\n                            <h3 class=\"post-name row\">\n                              <a href=\"https:\/\/biopoultry.eu\/de\/mobiler-huehnerstall-mobile-t-100\/\" title=\"Mobiler H\u00fchnerstall MOBILE T-100\">Mobiler H\u00fchnerstall MOBILE T-100<\/a>\n                            <\/h3>\n                            <div class=\"post-excerpt row\">\n                                <p>[vc_row full_width=&#8220;stretch_row&#8220; css=&#8220;.vc_custom_1644242256502{margin-top: 0px !important;margin-bottom: 0px !important;padding-top: 0px !important;padding-bottom:...<\/p>\n                                <div class=\"text-element content-element\">\n                                    <p> <a class=\"more-link\" href=\"https:\/\/biopoultry.eu\/de\/mobiler-huehnerstall-mobile-t-100\/\">read more<\/a><\/p>\n                                <\/div>\n                            <\/div>\n                          <\/div>                       \n                        <\/div>\n                      <\/article>\n                    <\/div><div class=\"vc_col-sm-4\">\n                      <article class=\"single-post list-view\">\n                        <div class=\"blog_custom\">\n                          <!-- POST THUMBNAIL -->\n                          <div class=\"col-md-12 post-thumbnail\">\n                              <a class=\"relative\" href=\"https:\/\/biopoultry.eu\/de\/mobiler-huehnerstall-mobile-t-150\/\">\n                                <div class=\"featured_image_blog\"><img class=\"blog_post_image\" src=\"https:\/\/biopoultry.eu\/wp-content\/uploads\/2022\/02\/T150-00012.jpg\" alt=\"Mobiler H\u00fchnerstall MOBILE T-150\" \/><div class=\"flex-zone\">\n                                     <div class=\"flex-zone-inside\"><i class=\"fa fa-plus\" aria-hidden=\"true\"><\/i><\/div>\n                                  <\/div>\n                                <\/div>\n                              <\/a>\n                          <\/div>\n                          <!-- POST DETAILS -->\n                          <div class=\"post-details col-md-12\">\n                            <div class=\"post-category-comment-date\">\n                                <span class=\"post-date\">M\u00e4rz 21, 2021<\/span>\n                            <\/div>\n                            <h3 class=\"post-name row\">\n                              <a href=\"https:\/\/biopoultry.eu\/de\/mobiler-huehnerstall-mobile-t-150\/\" title=\"Mobiler H\u00fchnerstall MOBILE T-150\">Mobiler H\u00fchnerstall MOBILE T-150<\/a>\n                            <\/h3>\n                            <div class=\"post-excerpt row\">\n                                <p>[vc_row full_width=&#8220;stretch_row&#8220; css=&#8220;.vc_custom_1644242256502{margin-top: 0px !important;margin-bottom: 0px !important;padding-top: 0px !important;padding-bottom:...<\/p>\n                                <div class=\"text-element content-element\">\n                                    <p> <a class=\"more-link\" href=\"https:\/\/biopoultry.eu\/de\/mobiler-huehnerstall-mobile-t-150\/\">read more<\/a><\/p>\n                                <\/div>\n                            <\/div>\n                          <\/div>                       \n                        <\/div>\n                      <\/article>\n                    <\/div><div class=\"vc_col-sm-4\">\n                      <article class=\"single-post list-view\">\n                        <div class=\"blog_custom\">\n                          <!-- POST THUMBNAIL -->\n                          <div class=\"col-md-12 post-thumbnail\">\n                              <a class=\"relative\" href=\"https:\/\/biopoultry.eu\/de\/mobiler-huehnerstall-mobile-t-1700-und-t-3000\/\">\n                                <div class=\"featured_image_blog\"><img class=\"blog_post_image\" src=\"https:\/\/biopoultry.eu\/wp-content\/uploads\/2022\/02\/T-1700-i-T-3000-fot.5.jpg\" alt=\"Mobiler H\u00fchnerstall MOBILE T-1700 und T-3000\" \/><div class=\"flex-zone\">\n                                     <div class=\"flex-zone-inside\"><i class=\"fa fa-plus\" aria-hidden=\"true\"><\/i><\/div>\n                                  <\/div>\n                                <\/div>\n                              <\/a>\n                          <\/div>\n                          <!-- POST DETAILS -->\n                          <div class=\"post-details col-md-12\">\n                            <div class=\"post-category-comment-date\">\n                                <span class=\"post-date\">Januar 21, 2021<\/span>\n                            <\/div>\n                            <h3 class=\"post-name row\">\n                              <a href=\"https:\/\/biopoultry.eu\/de\/mobiler-huehnerstall-mobile-t-1700-und-t-3000\/\" title=\"Mobiler H\u00fchnerstall MOBILE T-1700 und T-3000\">Mobiler H\u00fchnerstall MOBILE T-1700 und T-3000<\/a>\n                            <\/h3>\n                            <div class=\"post-excerpt row\">\n                                <p>[vc_row full_width=&#8220;stretch_row&#8220; css=&#8220;.vc_custom_1644242256502{margin-top: 0px !important;margin-bottom: 0px !important;padding-top: 0px !important;padding-bottom:...<\/p>\n                                <div class=\"text-element content-element\">\n                                    <p> <a class=\"more-link\" href=\"https:\/\/biopoultry.eu\/de\/mobiler-huehnerstall-mobile-t-1700-und-t-3000\/\">read more<\/a><\/p>\n                                <\/div>\n                            <\/div>\n                          <\/div>                       \n                        <\/div>\n                      <\/article>\n                    <\/div><\/div><\/div>[\/vc_column][\/vc_row]<\/p>\n","protected":false},"excerpt":{"rendered":"<p>[vc_row css=&#8220;.vc_custom_1644324414446{margin-top: 70px !important;margin-bottom: 0px !important;padding-bottom: 0px !important;}&#8220;][vc_column css_animation=&#8220;fadeInUp&#8220; width=&#8220;1\/2&#8243; css=&#8220;.vc_custom_1620808464435{padding-top: 0px !important;}&#8220; el_class=&#8220;about-video&#8220;][vc_single_image image=&#8220;3689&#8243; img_size=&#8220;full&#8220; alignment=&#8220;center&#8220; css=&#8220;.vc_custom_1643888615057{padding-top: 0px !important;}&#8220;][vc_row_inner disable_element=&#8220;yes&#8220; css=&#8220;.vc_custom_1643888204733{margin-top: -120px !important;margin-bottom: 0px !important;margin-left: -30px !important;}&#8220;][vc_column_inner][\/vc_column_inner][\/vc_row_inner][\/vc_column][vc_column width=&#8220;1\/2&#8243;][vc_empty_space height=&#8220;30px&#8220;][vc_column_text css_animation=&#8220;fadeInUp&#8220;] Wir arbeiten mit f\u00fchrenden und innovativen Vertretungen von Unternehmen zusammen, die Ausr\u00fcstung f\u00fcr Gefl\u00fcgelfarmen herstellen, bieten umfassende Serviceleistungen in Deutschland und Europa an. Wir [&hellip;]<\/p>\n","protected":false},"author":1,"featured_media":0,"parent":0,"menu_order":0,"comment_status":"closed","ping_status":"closed","template":"","meta":[],"_links":{"self":[{"href":"https:\/\/biopoultry.eu\/de\/wp-json\/wp\/v2\/pages\/4322"}],"collection":[{"href":"https:\/\/biopoultry.eu\/de\/wp-json\/wp\/v2\/pages"}],"about":[{"href":"https:\/\/biopoultry.eu\/de\/wp-json\/wp\/v2\/types\/page"}],"author":[{"embeddable":true,"href":"https:\/\/biopoultry.eu\/de\/wp-json\/wp\/v2\/users\/1"}],"replies":[{"embeddable":true,"href":"https:\/\/biopoultry.eu\/de\/wp-json\/wp\/v2\/comments?post=4322"}],"version-history":[{"count":5,"href":"https:\/\/biopoultry.eu\/de\/wp-json\/wp\/v2\/pages\/4322\/revisions"}],"predecessor-version":[{"id":4389,"href":"https:\/\/biopoultry.eu\/de\/wp-json\/wp\/v2\/pages\/4322\/revisions\/4389"}],"wp:attachment":[{"href":"https:\/\/biopoultry.eu\/de\/wp-json\/wp\/v2\/media?parent=4322"}],"curies":[{"name":"wp","href":"https:\/\/api.w.org\/{rel}","templated":true}]}}