{"id":4324,"date":"2018-06-22T09:18:49","date_gmt":"2018-06-22T07:18:49","guid":{"rendered":"https:\/\/biopoultry.eu\/produkte\/"},"modified":"2022-03-11T09:48:18","modified_gmt":"2022-03-11T08:48:18","slug":"produkte","status":"publish","type":"page","link":"https:\/\/biopoultry.eu\/de\/produkte\/","title":{"rendered":"Produkte"},"content":{"rendered":"<p>[vc_row css=&#8220;.vc_custom_1643894000897{margin-top: 55px !important;}&#8220;][vc_column][vc_row_inner css=&#8220;.vc_custom_1531382419229{margin-top: 50px !important;margin-bottom: 0px !important;}&#8220;][vc_column_inner el_class=&#8220;services-tilte&#8220; width=&#8220;1\/3&#8243;]<div class=\"title-subtile-holder wow fadeInUp text_left\"><div class=\"subtitle-wrapper\"><span class=\"section-border left orange_border\"><\/span><span class=\"section-subtitle orange_subtitle\">MOBILER BIO-H\u00dcHNERSTALL<\/span><span class=\"section-border right orange_border\"><\/span><\/div><h2 class=\"section-title dark_title\">H\u00f6heres Niveau der Bio-Zucht!<\/h2><\/div>[\/vc_column_inner][vc_column_inner width=&#8220;2\/3&#8243;][vc_column_text]<\/p>\n<p>Mobile H\u00fchnerst\u00e4lle <strong>MOBILE T<\/strong> sind moderne, wirtschaftliche Behausungen f\u00fcr Legeh\u00fchner in der Bio- und Freilaufzucht. Dank Verwendung hochwertigster Ger\u00e4te, Zubeh\u00f6r und Kontroll- und Messger\u00e4te ist die Ausr\u00fcstung des Stalls perfekt f\u00fcr moderne Produktion.<br \/>\nDie H\u00fchnerst\u00e4lle k\u00f6nnen mit erneuerbarer Energie versorgt werden, M\u00f6glichkeit der Montage photovoltaischer Anlage sichert Strom f\u00fcr den Betrieb der Futterautomaten unf der Beleuchtung. Zusammen mit dem Geh\u00e4use ist der Stall dicht, der Au\u00dfenauslauf kann zus\u00e4tzlich mit Netz gesichert werden. Alle Sicherungen sch\u00fctzen den H\u00fchnerstall vor wilden Tieren: F\u00fcchsen, Habichten und anderen.<\/p>\n<p>[\/vc_column_text][\/vc_column_inner][\/vc_row_inner][\/vc_column][\/vc_row][vc_row css=&#8220;.vc_custom_1643893979378{margin-top: 90px !important;margin-bottom: 75px !important;}&#8220;][vc_column css=&#8220;.vc_custom_1617803397482{padding-top: 0px !important;}&#8220;]<div class=\"title-subtile-holder wow fadeInUp text_center\"><div class=\"subtitle-wrapper\"><span class=\"section-border left orange_border\"><\/span><span class=\"section-subtitle orange_subtitle\">PR\u00dcFEN SIE UNSER ANGEBOT<\/span><span class=\"section-border right orange_border\"><\/span><\/div><h2 class=\"section-title dark_title\">Mobile H\u00fchnerst\u00e4lle<\/h2><\/div>[vc_empty_space height=&#8220;30px&#8220;]<div class=\"blog-posts simple-posts blog-posts-shortcode wow fadeInUp\"><div class=\"row\"><div class=\"vc_col-sm-4\">\n                      <article class=\"single-post list-view\">\n                        <div class=\"blog_custom\">\n                          <!-- POST THUMBNAIL -->\n                          <div class=\"col-md-12 post-thumbnail\">\n                              <a class=\"relative\" href=\"https:\/\/biopoultry.eu\/de\/mobiler-huehnerstall-mobile-t-100\/\">\n                                <div class=\"featured_image_blog\"><img class=\"blog_post_image\" src=\"https:\/\/biopoultry.eu\/wp-content\/uploads\/2022\/02\/T100-10.jpg\" alt=\"Mobiler H\u00fchnerstall MOBILE T-100\" \/><div class=\"flex-zone\">\n                                     <div class=\"flex-zone-inside\"><i class=\"fa fa-plus\" aria-hidden=\"true\"><\/i><\/div>\n                                  <\/div>\n                                <\/div>\n                              <\/a>\n                          <\/div>\n                          <!-- POST DETAILS -->\n                          <div class=\"post-details col-md-12\">\n                            <div class=\"post-category-comment-date\">\n                                <span class=\"post-date\">April 10, 2021<\/span>\n                            <\/div>\n                            <h3 class=\"post-name row\">\n                              <a href=\"https:\/\/biopoultry.eu\/de\/mobiler-huehnerstall-mobile-t-100\/\" title=\"Mobiler H\u00fchnerstall MOBILE T-100\">Mobiler H\u00fchnerstall MOBILE T-100<\/a>\n                            <\/h3>\n                            <div class=\"post-excerpt row\">\n                                <p>[vc_row full_width=&#8220;stretch_row&#8220; css=&#8220;.vc_custom_1644242256502{margin-top: 0px !important;margin-bottom: 0px !important;padding-top: 0px !important;padding-bottom:...<\/p>\n                                <div class=\"text-element content-element\">\n                                    <p> <a class=\"more-link\" href=\"https:\/\/biopoultry.eu\/de\/mobiler-huehnerstall-mobile-t-100\/\">read more<\/a><\/p>\n                                <\/div>\n                            <\/div>\n                          <\/div>                       \n                        <\/div>\n                      <\/article>\n                    <\/div><div class=\"vc_col-sm-4\">\n                      <article class=\"single-post list-view\">\n                        <div class=\"blog_custom\">\n                          <!-- POST THUMBNAIL -->\n                          <div class=\"col-md-12 post-thumbnail\">\n                              <a class=\"relative\" href=\"https:\/\/biopoultry.eu\/de\/mobiler-huehnerstall-mobile-t-150\/\">\n                                <div class=\"featured_image_blog\"><img class=\"blog_post_image\" src=\"https:\/\/biopoultry.eu\/wp-content\/uploads\/2022\/02\/T150-00012.jpg\" alt=\"Mobiler H\u00fchnerstall MOBILE T-150\" \/><div class=\"flex-zone\">\n                                     <div class=\"flex-zone-inside\"><i class=\"fa fa-plus\" aria-hidden=\"true\"><\/i><\/div>\n                                  <\/div>\n                                <\/div>\n                              <\/a>\n                          <\/div>\n                          <!-- POST DETAILS -->\n                          <div class=\"post-details col-md-12\">\n                            <div class=\"post-category-comment-date\">\n                                <span class=\"post-date\">M\u00e4rz 21, 2021<\/span>\n                            <\/div>\n                            <h3 class=\"post-name row\">\n                              <a href=\"https:\/\/biopoultry.eu\/de\/mobiler-huehnerstall-mobile-t-150\/\" title=\"Mobiler H\u00fchnerstall MOBILE T-150\">Mobiler H\u00fchnerstall MOBILE T-150<\/a>\n                            <\/h3>\n                            <div class=\"post-excerpt row\">\n                                <p>[vc_row full_width=&#8220;stretch_row&#8220; css=&#8220;.vc_custom_1644242256502{margin-top: 0px !important;margin-bottom: 0px !important;padding-top: 0px !important;padding-bottom:...<\/p>\n                                <div class=\"text-element content-element\">\n                                    <p> <a class=\"more-link\" href=\"https:\/\/biopoultry.eu\/de\/mobiler-huehnerstall-mobile-t-150\/\">read more<\/a><\/p>\n                                <\/div>\n                            <\/div>\n                          <\/div>                       \n                        <\/div>\n                      <\/article>\n                    <\/div><div class=\"vc_col-sm-4\">\n                      <article class=\"single-post list-view\">\n                        <div class=\"blog_custom\">\n                          <!-- POST THUMBNAIL -->\n                          <div class=\"col-md-12 post-thumbnail\">\n                              <a class=\"relative\" href=\"https:\/\/biopoultry.eu\/de\/mobiler-huehnerstall-mobile-t-1700-und-t-3000\/\">\n                                <div class=\"featured_image_blog\"><img class=\"blog_post_image\" src=\"https:\/\/biopoultry.eu\/wp-content\/uploads\/2022\/02\/T-1700-i-T-3000-fot.5.jpg\" alt=\"Mobiler H\u00fchnerstall MOBILE T-1700 und T-3000\" \/><div class=\"flex-zone\">\n                                     <div class=\"flex-zone-inside\"><i class=\"fa fa-plus\" aria-hidden=\"true\"><\/i><\/div>\n                                  <\/div>\n                                <\/div>\n                              <\/a>\n                          <\/div>\n                          <!-- POST DETAILS -->\n                          <div class=\"post-details col-md-12\">\n                            <div class=\"post-category-comment-date\">\n                                <span class=\"post-date\">Januar 21, 2021<\/span>\n                            <\/div>\n                            <h3 class=\"post-name row\">\n                              <a href=\"https:\/\/biopoultry.eu\/de\/mobiler-huehnerstall-mobile-t-1700-und-t-3000\/\" title=\"Mobiler H\u00fchnerstall MOBILE T-1700 und T-3000\">Mobiler H\u00fchnerstall MOBILE T-1700 und T-3000<\/a>\n                            <\/h3>\n                            <div class=\"post-excerpt row\">\n                                <p>[vc_row full_width=&#8220;stretch_row&#8220; css=&#8220;.vc_custom_1644242256502{margin-top: 0px !important;margin-bottom: 0px !important;padding-top: 0px !important;padding-bottom:...<\/p>\n                                <div class=\"text-element content-element\">\n                                    <p> <a class=\"more-link\" href=\"https:\/\/biopoultry.eu\/de\/mobiler-huehnerstall-mobile-t-1700-und-t-3000\/\">read more<\/a><\/p>\n                                <\/div>\n                            <\/div>\n                          <\/div>                       \n                        <\/div>\n                      <\/article>\n                    <\/div><\/div><\/div>[\/vc_column][\/vc_row][vc_row][vc_column][vc_column_text]<\/p>\n<div id='gallery-11' class='gallery galleryid-4324 gallery-columns-6 gallery-size-thumbnail'><figure class='gallery-item'>\n\t\t\t<div class='gallery-icon landscape'>\n\t\t\t\t<a href='https:\/\/biopoultry.eu\/wp-content\/uploads\/2022\/02\/T100-08.jpg' title=\"\" data-rl_title=\"\" class=\"rl-gallery-link\" data-rl_caption=\"\" data-rel=\"lightbox-gallery-11\"><img width=\"400\" height=\"400\" src=\"https:\/\/biopoultry.eu\/wp-content\/uploads\/2022\/02\/T100-08-400x400.jpg\" class=\"attachment-thumbnail size-thumbnail\" alt=\"\" decoding=\"async\" loading=\"lazy\" srcset=\"https:\/\/biopoultry.eu\/wp-content\/uploads\/2022\/02\/T100-08-400x400.jpg 400w, https:\/\/biopoultry.eu\/wp-content\/uploads\/2022\/02\/T100-08-100x100.jpg 100w, https:\/\/biopoultry.eu\/wp-content\/uploads\/2022\/02\/T100-08-200x200.jpg 200w\" sizes=\"(max-width: 400px) 100vw, 400px\" \/><\/a>\n\t\t\t<\/div><\/figure><figure class='gallery-item'>\n\t\t\t<div class='gallery-icon landscape'>\n\t\t\t\t<a href='https:\/\/biopoultry.eu\/wp-content\/uploads\/2022\/02\/T-150-05.jpg' title=\"\" data-rl_title=\"\" class=\"rl-gallery-link\" data-rl_caption=\"\" data-rel=\"lightbox-gallery-11\"><img width=\"400\" height=\"400\" src=\"https:\/\/biopoultry.eu\/wp-content\/uploads\/2022\/02\/T-150-05-400x400.jpg\" class=\"attachment-thumbnail size-thumbnail\" alt=\"\" decoding=\"async\" loading=\"lazy\" srcset=\"https:\/\/biopoultry.eu\/wp-content\/uploads\/2022\/02\/T-150-05-400x400.jpg 400w, https:\/\/biopoultry.eu\/wp-content\/uploads\/2022\/02\/T-150-05-100x100.jpg 100w, https:\/\/biopoultry.eu\/wp-content\/uploads\/2022\/02\/T-150-05-200x200.jpg 200w\" sizes=\"(max-width: 400px) 100vw, 400px\" \/><\/a>\n\t\t\t<\/div><\/figure><figure class='gallery-item'>\n\t\t\t<div class='gallery-icon landscape'>\n\t\t\t\t<a href='https:\/\/biopoultry.eu\/wp-content\/uploads\/2022\/02\/T150-04.jpg' title=\"\" data-rl_title=\"\" class=\"rl-gallery-link\" data-rl_caption=\"\" data-rel=\"lightbox-gallery-11\"><img width=\"400\" height=\"400\" src=\"https:\/\/biopoultry.eu\/wp-content\/uploads\/2022\/02\/T150-04-400x400.jpg\" class=\"attachment-thumbnail size-thumbnail\" alt=\"\" decoding=\"async\" loading=\"lazy\" srcset=\"https:\/\/biopoultry.eu\/wp-content\/uploads\/2022\/02\/T150-04-400x400.jpg 400w, https:\/\/biopoultry.eu\/wp-content\/uploads\/2022\/02\/T150-04-100x100.jpg 100w, https:\/\/biopoultry.eu\/wp-content\/uploads\/2022\/02\/T150-04-200x200.jpg 200w\" sizes=\"(max-width: 400px) 100vw, 400px\" \/><\/a>\n\t\t\t<\/div><\/figure><figure class='gallery-item'>\n\t\t\t<div class='gallery-icon landscape'>\n\t\t\t\t<a href='https:\/\/biopoultry.eu\/wp-content\/uploads\/2022\/02\/T-1700-i-T-3000-fot.3.jpg' title=\"\" data-rl_title=\"\" class=\"rl-gallery-link\" data-rl_caption=\"\" data-rel=\"lightbox-gallery-11\"><img width=\"400\" height=\"400\" src=\"https:\/\/biopoultry.eu\/wp-content\/uploads\/2022\/02\/T-1700-i-T-3000-fot.3-400x400.jpg\" class=\"attachment-thumbnail size-thumbnail\" alt=\"\" decoding=\"async\" loading=\"lazy\" srcset=\"https:\/\/biopoultry.eu\/wp-content\/uploads\/2022\/02\/T-1700-i-T-3000-fot.3-400x400.jpg 400w, https:\/\/biopoultry.eu\/wp-content\/uploads\/2022\/02\/T-1700-i-T-3000-fot.3-100x100.jpg 100w, https:\/\/biopoultry.eu\/wp-content\/uploads\/2022\/02\/T-1700-i-T-3000-fot.3-200x200.jpg 200w\" sizes=\"(max-width: 400px) 100vw, 400px\" \/><\/a>\n\t\t\t<\/div><\/figure><figure class='gallery-item'>\n\t\t\t<div class='gallery-icon landscape'>\n\t\t\t\t<a href='https:\/\/biopoultry.eu\/wp-content\/uploads\/2022\/02\/T-1700-i-T-3000-fot.1.jpg' title=\"\" data-rl_title=\"\" class=\"rl-gallery-link\" data-rl_caption=\"\" data-rel=\"lightbox-gallery-11\"><img width=\"400\" height=\"400\" src=\"https:\/\/biopoultry.eu\/wp-content\/uploads\/2022\/02\/T-1700-i-T-3000-fot.1-400x400.jpg\" class=\"attachment-thumbnail size-thumbnail\" alt=\"\" decoding=\"async\" loading=\"lazy\" srcset=\"https:\/\/biopoultry.eu\/wp-content\/uploads\/2022\/02\/T-1700-i-T-3000-fot.1-400x400.jpg 400w, https:\/\/biopoultry.eu\/wp-content\/uploads\/2022\/02\/T-1700-i-T-3000-fot.1-100x100.jpg 100w, https:\/\/biopoultry.eu\/wp-content\/uploads\/2022\/02\/T-1700-i-T-3000-fot.1-200x200.jpg 200w\" sizes=\"(max-width: 400px) 100vw, 400px\" \/><\/a>\n\t\t\t<\/div><\/figure><figure class='gallery-item'>\n\t\t\t<div class='gallery-icon landscape'>\n\t\t\t\t<a href='https:\/\/biopoultry.eu\/wp-content\/uploads\/2022\/02\/T-1700-i-T-3000-fot.2.jpg' title=\"\" data-rl_title=\"\" class=\"rl-gallery-link\" data-rl_caption=\"\" data-rel=\"lightbox-gallery-11\"><img width=\"400\" height=\"400\" src=\"https:\/\/biopoultry.eu\/wp-content\/uploads\/2022\/02\/T-1700-i-T-3000-fot.2-400x400.jpg\" class=\"attachment-thumbnail size-thumbnail\" alt=\"\" decoding=\"async\" loading=\"lazy\" srcset=\"https:\/\/biopoultry.eu\/wp-content\/uploads\/2022\/02\/T-1700-i-T-3000-fot.2-400x400.jpg 400w, https:\/\/biopoultry.eu\/wp-content\/uploads\/2022\/02\/T-1700-i-T-3000-fot.2-100x100.jpg 100w, https:\/\/biopoultry.eu\/wp-content\/uploads\/2022\/02\/T-1700-i-T-3000-fot.2-200x200.jpg 200w\" sizes=\"(max-width: 400px) 100vw, 400px\" \/><\/a>\n\t\t\t<\/div><\/figure>\n\t\t<\/div>\n\n<p>[\/vc_column_text][\/vc_column][\/vc_row]<\/p>\n","protected":false},"excerpt":{"rendered":"<p>[vc_row css=&#8220;.vc_custom_1643894000897{margin-top: 55px !important;}&#8220;][vc_column][vc_row_inner css=&#8220;.vc_custom_1531382419229{margin-top: 50px !important;margin-bottom: 0px !important;}&#8220;][vc_column_inner el_class=&#8220;services-tilte&#8220; width=&#8220;1\/3&#8243;][\/vc_column_inner][vc_column_inner width=&#8220;2\/3&#8243;][vc_column_text] Mobile H\u00fchnerst\u00e4lle MOBILE T sind moderne, wirtschaftliche Behausungen f\u00fcr Legeh\u00fchner in der Bio- und Freilaufzucht. Dank Verwendung hochwertigster Ger\u00e4te, Zubeh\u00f6r und Kontroll- und Messger\u00e4te ist die Ausr\u00fcstung des Stalls perfekt f\u00fcr moderne Produktion. Die H\u00fchnerst\u00e4lle k\u00f6nnen mit erneuerbarer Energie versorgt werden, M\u00f6glichkeit der [&hellip;]<\/p>\n","protected":false},"author":1,"featured_media":4172,"parent":0,"menu_order":0,"comment_status":"closed","ping_status":"closed","template":"","meta":[],"_links":{"self":[{"href":"https:\/\/biopoultry.eu\/de\/wp-json\/wp\/v2\/pages\/4324"}],"collection":[{"href":"https:\/\/biopoultry.eu\/de\/wp-json\/wp\/v2\/pages"}],"about":[{"href":"https:\/\/biopoultry.eu\/de\/wp-json\/wp\/v2\/types\/page"}],"author":[{"embeddable":true,"href":"https:\/\/biopoultry.eu\/de\/wp-json\/wp\/v2\/users\/1"}],"replies":[{"embeddable":true,"href":"https:\/\/biopoultry.eu\/de\/wp-json\/wp\/v2\/comments?post=4324"}],"version-history":[{"count":1,"href":"https:\/\/biopoultry.eu\/de\/wp-json\/wp\/v2\/pages\/4324\/revisions"}],"predecessor-version":[{"id":4325,"href":"https:\/\/biopoultry.eu\/de\/wp-json\/wp\/v2\/pages\/4324\/revisions\/4325"}],"wp:featuredmedia":[{"embeddable":true,"href":"https:\/\/biopoultry.eu\/de\/wp-json\/wp\/v2\/media\/4172"}],"wp:attachment":[{"href":"https:\/\/biopoultry.eu\/de\/wp-json\/wp\/v2\/media?parent=4324"}],"curies":[{"name":"wp","href":"https:\/\/api.w.org\/{rel}","templated":true}]}}