{"id":4294,"date":"2018-06-21T13:54:04","date_gmt":"2018-06-21T11:54:04","guid":{"rendered":"https:\/\/biopoultry.eu\/a-propos-de-nous\/"},"modified":"2022-03-14T09:31:01","modified_gmt":"2022-03-14T08:31:01","slug":"a-propos-de-nous","status":"publish","type":"page","link":"https:\/\/biopoultry.eu\/fr\/a-propos-de-nous\/","title":{"rendered":"A propos de nous"},"content":{"rendered":"<p>[vc_row css=\u00a0\u00bb.vc_custom_1644324414446{margin-top: 70px !important;margin-bottom: 0px !important;padding-bottom: 0px !important;}\u00a0\u00bb][vc_column css_animation=\u00a0\u00bbfadeInUp\u00a0\u00bb width=\u00a0\u00bb1\/2&Prime; css=\u00a0\u00bb.vc_custom_1620808464435{padding-top: 0px !important;}\u00a0\u00bb el_class=\u00a0\u00bbabout-video\u00a0\u00bb][vc_single_image image=\u00a0\u00bb3689&Prime; img_size=\u00a0\u00bbfull\u00a0\u00bb alignment=\u00a0\u00bbcenter\u00a0\u00bb css=\u00a0\u00bb.vc_custom_1643888615057{padding-top: 0px !important;}\u00a0\u00bb][vc_row_inner disable_element=\u00a0\u00bbyes\u00a0\u00bb css=\u00a0\u00bb.vc_custom_1643888204733{margin-top: -120px !important;margin-bottom: 0px !important;margin-left: -30px !important;}\u00a0\u00bb][vc_column_inner]<script>\n                jQuery(document).ready(function() {\n                  jQuery(\".popup-vimeo-video\").magnificPopup({\n                  \ttype:\"iframe\",\n\t              \tdisableOn: 700,\n\t\t\t\t\tremovalDelay: 160,\n\t\t\t\t\tpreloader: false,\n\t\t\t\t\tfixedContentPos: false\n\t\t\t\t});\n\n\n                  jQuery(\".popup-vimeo-youtube\").magnificPopup({\n                  \ttype:\"iframe\",\n             \t\tdisableOn: 700,\n\t\t\t\t\tremovalDelay: 160,\n\t\t\t\t\tpreloader: false,\n\t\t\t\t\tfixedContentPos: false});\n                });\n                \n              <\/script><div class=\"mt_video row\"><div class=\"wow fadeInUp\"><a class=\"popup-vimeo-youtube\" href=\"https:\/\/www.youtube.com\/watch?v=vmSsQMcJOiI\" data-rel=\"lightbox-video-0\" rel=\"nofollow noopener\" target=\"_blank\"><img class=\"buton_image_class\" src=\"https:\/\/biopoultry.eu\/wp-content\/uploads\/2021\/04\/play-button-2.png\" data-src=\"https:\/\/biopoultry.eu\/wp-content\/uploads\/2021\/04\/play-button-2.png\" alt=\"\"><\/a><\/div><\/div>[\/vc_column_inner][\/vc_row_inner][\/vc_column][vc_column width=\u00a0\u00bb1\/2&Prime;]<div class=\"title-subtile-holder wow fadeInUp text_left\"><div class=\"subtitle-wrapper\"><span class=\"section-border left orange_border\"><\/span><span class=\"section-subtitle orange_subtitle\">SERVICE COMPLET<\/span><span class=\"section-border right orange_border\"><\/span><\/div><h2 class=\"section-title dark_title\">Nous op\u00e9rons dans toute la France et l'Europe<\/h2><\/div>[vc_empty_space height=\u00a0\u00bb30px\u00a0\u00bb][vc_column_text css_animation=\u00a0\u00bbfadeInUp\u00a0\u00bb]<\/p>\n<p>Nous coop\u00e9rons avec des entreprises leaders et innovantes qui produisent des \u00e9quipements pour les fermes avicoles et nous offrons un service complet dans toute la France et en Europe. Nous soutenons l&rsquo;investissement depuis la phase de conception jusqu&rsquo;\u00e0 l&rsquo;ach\u00e8vement de l&rsquo;installation. Nous poss\u00e9dons une grande exp\u00e9rience en mati\u00e8re d&rsquo;\u00e9quipement des installations pour chaque esp\u00e8ce de volaille. Nous assurons l&rsquo;installation compl\u00e8te des syst\u00e8mes dans les nouvelles installations, nous adaptons les installations existantes pour les \u00e9levages de volailles et nous modernisons les b\u00e2timents d\u00e9j\u00e0 existants. Pour chaque investissement nous r\u00e9alisons : un devis individuel. Dans le cadre du projet, nous fournissons au client un dessin contenant entre autres les dimensions de l&rsquo;objet, les \u00e9l\u00e9ments d&rsquo;installation et une visualisation 3D de l&rsquo;\u00e9clairage.<\/p>\n<p>[\/vc_column_text][vc_empty_space height=\u00a0\u00bb30px\u00a0\u00bb][\/vc_column][\/vc_row][vc_row full_width=\u00a0\u00bbstretch_row\u00a0\u00bb css=\u00a0\u00bb.vc_custom_1644324562793{margin-top: 50px !important;margin-bottom: 80px !important;padding-top: 75px !important;padding-bottom: 50px !important;background-color: #f2f2f2 !important;}\u00a0\u00bb el_class=\u00a0\u00bbg44-column-reverse\u00a0\u00bb][vc_column width=\u00a0\u00bb1\/2&Prime;]<div class=\"title-subtile-holder wow fadeInUp text_left\"><div class=\"subtitle-wrapper\"><span class=\"section-border left orange_border\"><\/span><span class=\"section-subtitle orange_subtitle\">PRODUCTION OPTIMIS\u00c9E<\/span><span class=\"section-border right orange_border\"><\/span><\/div><h2 class=\"section-title dark_title\">Des solutions technologiques \u00e9prouv\u00e9es dans les \u00e9levages avicoles<\/h2><\/div>[vc_empty_space height=\u00a0\u00bb30px\u00a0\u00bb][vc_column_text css_animation=\u00a0\u00bbfadeInUp\u00a0\u00bb]Nous nous effor\u00e7ons de minimiser les co\u00fbts de production des animaux en mettant en \u0153uvre des solutions technologiques innovantes, r\u00e9centes et \u00e9prouv\u00e9es. L&rsquo;installation des \u00e9quipements d&rsquo;\u00e9levage de volailles est r\u00e9alis\u00e9e par des \u00e9quipes de montage de haut niveau compos\u00e9es de travailleurs qualifi\u00e9s employ\u00e9s de mani\u00e8re permanente dans notre entreprise ou dans des entreprises coop\u00e9rant avec nous dans toute l&rsquo;Europe. Nous mettons tout en \u0153uvre pour que nos syst\u00e8mes soient fonctionnels, efficaces et fiables. Apr\u00e8s chaque installation, nous effectuons une mise en route de l&rsquo;installation, une r\u00e9gulation de la ventilation par brumisation, des tests an\u00e9mom\u00e9triques et une mesure de l&rsquo;intensit\u00e9 lumineuse. De plus, nous assurons le service dans les poulaillers, nos employ\u00e9s ont la possibilit\u00e9 de localiser \u00e0 distance, via Internet (si disponible), une panne ou d&rsquo;aider \u00e0 r\u00e9soudre un probl\u00e8me avec l&rsquo;installation. Dans nos offres, nous essayons de trouver un compromis entre la qualit\u00e9 et le prix, en fonction des pr\u00e9f\u00e9rences de nos clients. Dans notre assortiment, vous trouverez tout ce dont vous avez besoin pour g\u00e9rer une ferme, une exploitation avicole et plus encore&#8230;[\/vc_column_text][vc_empty_space height=\u00a0\u00bb30px\u00a0\u00bb][\/vc_column][vc_column css_animation=\u00a0\u00bbfadeInUp\u00a0\u00bb width=\u00a0\u00bb1\/2&Prime; css=\u00a0\u00bb.vc_custom_1620808464435{padding-top: 0px !important;}\u00a0\u00bb el_class=\u00a0\u00bbabout-video\u00a0\u00bb][vc_single_image image=\u00a0\u00bb3712&Prime; img_size=\u00a0\u00bbfull\u00a0\u00bb alignment=\u00a0\u00bbcenter\u00a0\u00bb css=\u00a0\u00bb.vc_custom_1643889326360{padding-top: 0px !important;}\u00a0\u00bb][vc_column_text]<\/p>\n<div id='gallery-1' class='gallery galleryid-4294 gallery-columns-4 gallery-size-thumbnail'><figure class='gallery-item'>\n\t\t\t<div class='gallery-icon landscape'>\n\t\t\t\t<a href=\"https:\/\/biopoultry.eu\/wp-content\/uploads\/2022\/02\/T-1700-i-T-3000-fot.3.jpg\" title=\"\" data-rl_title=\"\" class=\"rl-gallery-link\" data-rl_caption=\"\" data-rel=\"lightbox-gallery-1\" data-rl_><img width=\"400\" height=\"400\" src=\"https:\/\/biopoultry.eu\/wp-content\/uploads\/2022\/02\/T-1700-i-T-3000-fot.3-400x400.jpg\" class=\"attachment-thumbnail size-thumbnail\" alt=\"\" decoding=\"async\" loading=\"lazy\" srcset=\"https:\/\/biopoultry.eu\/wp-content\/uploads\/2022\/02\/T-1700-i-T-3000-fot.3-400x400.jpg 400w, https:\/\/biopoultry.eu\/wp-content\/uploads\/2022\/02\/T-1700-i-T-3000-fot.3-100x100.jpg 100w, https:\/\/biopoultry.eu\/wp-content\/uploads\/2022\/02\/T-1700-i-T-3000-fot.3-200x200.jpg 200w\" sizes=\"(max-width: 400px) 100vw, 400px\" \/><\/a>\n\t\t\t<\/div><\/figure><figure class='gallery-item'>\n\t\t\t<div class='gallery-icon landscape'>\n\t\t\t\t<a href=\"https:\/\/biopoultry.eu\/wp-content\/uploads\/2022\/02\/T100-07.jpg\" title=\"\" data-rl_title=\"\" class=\"rl-gallery-link\" data-rl_caption=\"\" data-rel=\"lightbox-gallery-1\" data-rl_><img width=\"400\" height=\"400\" src=\"https:\/\/biopoultry.eu\/wp-content\/uploads\/2022\/02\/T100-07-400x400.jpg\" class=\"attachment-thumbnail size-thumbnail\" alt=\"\" decoding=\"async\" loading=\"lazy\" srcset=\"https:\/\/biopoultry.eu\/wp-content\/uploads\/2022\/02\/T100-07-400x400.jpg 400w, https:\/\/biopoultry.eu\/wp-content\/uploads\/2022\/02\/T100-07-100x100.jpg 100w, https:\/\/biopoultry.eu\/wp-content\/uploads\/2022\/02\/T100-07-200x200.jpg 200w\" sizes=\"(max-width: 400px) 100vw, 400px\" \/><\/a>\n\t\t\t<\/div><\/figure><figure class='gallery-item'>\n\t\t\t<div class='gallery-icon landscape'>\n\t\t\t\t<a href=\"https:\/\/biopoultry.eu\/wp-content\/uploads\/2022\/02\/T150-00006.jpg\" title=\"\" data-rl_title=\"\" class=\"rl-gallery-link\" data-rl_caption=\"\" data-rel=\"lightbox-gallery-1\" data-rl_><img width=\"400\" height=\"400\" src=\"https:\/\/biopoultry.eu\/wp-content\/uploads\/2022\/02\/T150-00006-400x400.jpg\" class=\"attachment-thumbnail size-thumbnail\" alt=\"\" decoding=\"async\" loading=\"lazy\" srcset=\"https:\/\/biopoultry.eu\/wp-content\/uploads\/2022\/02\/T150-00006-400x400.jpg 400w, https:\/\/biopoultry.eu\/wp-content\/uploads\/2022\/02\/T150-00006-100x100.jpg 100w, https:\/\/biopoultry.eu\/wp-content\/uploads\/2022\/02\/T150-00006-200x200.jpg 200w\" sizes=\"(max-width: 400px) 100vw, 400px\" \/><\/a>\n\t\t\t<\/div><\/figure><figure class='gallery-item'>\n\t\t\t<div class='gallery-icon landscape'>\n\t\t\t\t<a href=\"https:\/\/biopoultry.eu\/wp-content\/uploads\/2022\/02\/T150-04.jpg\" title=\"\" data-rl_title=\"\" class=\"rl-gallery-link\" data-rl_caption=\"\" data-rel=\"lightbox-gallery-1\" data-rl_><img width=\"400\" height=\"400\" src=\"https:\/\/biopoultry.eu\/wp-content\/uploads\/2022\/02\/T150-04-400x400.jpg\" class=\"attachment-thumbnail size-thumbnail\" alt=\"\" decoding=\"async\" loading=\"lazy\" srcset=\"https:\/\/biopoultry.eu\/wp-content\/uploads\/2022\/02\/T150-04-400x400.jpg 400w, https:\/\/biopoultry.eu\/wp-content\/uploads\/2022\/02\/T150-04-100x100.jpg 100w, https:\/\/biopoultry.eu\/wp-content\/uploads\/2022\/02\/T150-04-200x200.jpg 200w\" sizes=\"(max-width: 400px) 100vw, 400px\" \/><\/a>\n\t\t\t<\/div><\/figure>\n\t\t<\/div>\n\n<p>[\/vc_column_text][vc_row_inner disable_element=\u00a0\u00bbyes\u00a0\u00bb css=\u00a0\u00bb.vc_custom_1643888204733{margin-top: -120px !important;margin-bottom: 0px !important;margin-left: -30px !important;}\u00a0\u00bb][vc_column_inner]<script>\n                jQuery(document).ready(function() {\n                  jQuery(\".popup-vimeo-video\").magnificPopup({\n                  \ttype:\"iframe\",\n\t              \tdisableOn: 700,\n\t\t\t\t\tremovalDelay: 160,\n\t\t\t\t\tpreloader: false,\n\t\t\t\t\tfixedContentPos: false\n\t\t\t\t});\n\n\n                  jQuery(\".popup-vimeo-youtube\").magnificPopup({\n                  \ttype:\"iframe\",\n             \t\tdisableOn: 700,\n\t\t\t\t\tremovalDelay: 160,\n\t\t\t\t\tpreloader: false,\n\t\t\t\t\tfixedContentPos: false});\n                });\n                \n              <\/script><div class=\"mt_video row\"><div class=\"wow fadeInUp\"><a class=\"popup-vimeo-youtube\" href=\"https:\/\/www.youtube.com\/watch?v=vmSsQMcJOiI\" data-rel=\"lightbox-video-0\" rel=\"nofollow noopener\" target=\"_blank\"><img class=\"buton_image_class\" src=\"https:\/\/biopoultry.eu\/wp-content\/uploads\/2021\/04\/play-button-2.png\" data-src=\"https:\/\/biopoultry.eu\/wp-content\/uploads\/2021\/04\/play-button-2.png\" alt=\"\"><\/a><\/div><\/div>[\/vc_column_inner][\/vc_row_inner][\/vc_column][\/vc_row][vc_row full_width=\u00a0\u00bbstretch_row\u00a0\u00bb disable_element=\u00a0\u00bbyes\u00a0\u00bb css=\u00a0\u00bb.vc_custom_1644324331268{margin-bottom: 0px !important;padding-top: 70px !important;padding-bottom: 45px !important;background: #002359 url(https:\/\/biopoultry.eu\/wp-content\/uploads\/2022\/02\/T150-00012.jpg?id=3680) !important;background-position: center !important;background-repeat: no-repeat !important;background-size: cover !important;}\u00a0\u00bb el_class=\u00a0\u00bbg44-overflow\u00a0\u00bb][vc_column width=\u00a0\u00bb2\/12&Prime;][\/vc_column][vc_column width=\u00a0\u00bb8\/12&Prime;]<div class=\"title-subtile-holder wow fadeInUp text_center\"><div class=\"subtitle-wrapper\"><span class=\"section-border left light_border\"><\/span><span class=\"section-subtitle light_subtitle\">ILS PARLENT DE NOUS<\/span><span class=\"section-border right light_border\"><\/span><\/div><h2 class=\"section-title light_title\">Avis de nos clients<\/h2><\/div>[vc_empty_space height=\u00a0\u00bb40px\u00a0\u00bb]<div class=\"vc_row\"><div class=\"wow fadeInUp testimonials-container-1 owl-carousel owl-theme\"><\/div>\n\n    \t<\/div>[\/vc_column][vc_column width=\u00a0\u00bb2\/12&Prime;][\/vc_column][\/vc_row][vc_row css=\u00a0\u00bb.vc_custom_1644324433156{margin-top: 0px !important;margin-bottom: 75px !important;padding-top: 0px !important;}\u00a0\u00bb][vc_column css=\u00a0\u00bb.vc_custom_1617803397482{padding-top: 0px !important;}\u00a0\u00bb]<div class=\"title-subtile-holder wow fadeInUp text_center\"><div class=\"subtitle-wrapper\"><span class=\"section-border left orange_border\"><\/span><span class=\"section-subtitle orange_subtitle\">CONSULTEZ NOTRE OFFRE<\/span><span class=\"section-border right orange_border\"><\/span><\/div><h2 class=\"section-title dark_title\">Poulaillers mobiles<\/h2><\/div>[vc_empty_space height=\u00a0\u00bb30px\u00a0\u00bb]<div class=\"blog-posts simple-posts blog-posts-shortcode wow fadeInUp\"><div class=\"row\"><div class=\"vc_col-sm-4\">\n                      <article class=\"single-post list-view\">\n                        <div class=\"blog_custom\">\n                          <!-- POST THUMBNAIL -->\n                          <div class=\"col-md-12 post-thumbnail\">\n                              <a class=\"relative\" href=\"https:\/\/biopoultry.eu\/fr\/poulailler-mobile-mobile-t-100\/\">\n                                <div class=\"featured_image_blog\"><img class=\"blog_post_image\" src=\"https:\/\/biopoultry.eu\/wp-content\/uploads\/2022\/02\/T100-10.jpg\" alt=\"Poulailler mobile MOBILE T-100\" \/><div class=\"flex-zone\">\n                                     <div class=\"flex-zone-inside\"><i class=\"fa fa-plus\" aria-hidden=\"true\"><\/i><\/div>\n                                  <\/div>\n                                <\/div>\n                              <\/a>\n                          <\/div>\n                          <!-- POST DETAILS -->\n                          <div class=\"post-details col-md-12\">\n                            <div class=\"post-category-comment-date\">\n                                <span class=\"post-date\">avril 10, 2021<\/span>\n                            <\/div>\n                            <h3 class=\"post-name row\">\n                              <a href=\"https:\/\/biopoultry.eu\/fr\/poulailler-mobile-mobile-t-100\/\" title=\"Poulailler mobile MOBILE T-100\">Poulailler mobile MOBILE T-100<\/a>\n                            <\/h3>\n                            <div class=\"post-excerpt row\">\n                                <p>[vc_row full_width=\u00a0\u00bbstretch_row\u00a0\u00bb css=\u00a0\u00bb.vc_custom_1644242256502{margin-top: 0px !important;margin-bottom: 0px !important;padding-top: 0px !important;padding-bottom:...<\/p>\n                                <div class=\"text-element content-element\">\n                                    <p> <a class=\"more-link\" href=\"https:\/\/biopoultry.eu\/fr\/poulailler-mobile-mobile-t-100\/\">read more<\/a><\/p>\n                                <\/div>\n                            <\/div>\n                          <\/div>                       \n                        <\/div>\n                      <\/article>\n                    <\/div><div class=\"vc_col-sm-4\">\n                      <article class=\"single-post list-view\">\n                        <div class=\"blog_custom\">\n                          <!-- POST THUMBNAIL -->\n                          <div class=\"col-md-12 post-thumbnail\">\n                              <a class=\"relative\" href=\"https:\/\/biopoultry.eu\/fr\/poulailler-mobile-mobile-t-150\/\">\n                                <div class=\"featured_image_blog\"><img class=\"blog_post_image\" src=\"https:\/\/biopoultry.eu\/wp-content\/uploads\/2022\/02\/T150-00012.jpg\" alt=\"Poulailler mobile MOBILE T-150\" \/><div class=\"flex-zone\">\n                                     <div class=\"flex-zone-inside\"><i class=\"fa fa-plus\" aria-hidden=\"true\"><\/i><\/div>\n                                  <\/div>\n                                <\/div>\n                              <\/a>\n                          <\/div>\n                          <!-- POST DETAILS -->\n                          <div class=\"post-details col-md-12\">\n                            <div class=\"post-category-comment-date\">\n                                <span class=\"post-date\">mars 21, 2021<\/span>\n                            <\/div>\n                            <h3 class=\"post-name row\">\n                              <a href=\"https:\/\/biopoultry.eu\/fr\/poulailler-mobile-mobile-t-150\/\" title=\"Poulailler mobile MOBILE T-150\">Poulailler mobile MOBILE T-150<\/a>\n                            <\/h3>\n                            <div class=\"post-excerpt row\">\n                                <p>[vc_row full_width=\u00a0\u00bbstretch_row\u00a0\u00bb css=\u00a0\u00bb.vc_custom_1644242256502{margin-top: 0px !important;margin-bottom: 0px !important;padding-top: 0px !important;padding-bottom:...<\/p>\n                                <div class=\"text-element content-element\">\n                                    <p> <a class=\"more-link\" href=\"https:\/\/biopoultry.eu\/fr\/poulailler-mobile-mobile-t-150\/\">read more<\/a><\/p>\n                                <\/div>\n                            <\/div>\n                          <\/div>                       \n                        <\/div>\n                      <\/article>\n                    <\/div><div class=\"vc_col-sm-4\">\n                      <article class=\"single-post list-view\">\n                        <div class=\"blog_custom\">\n                          <!-- POST THUMBNAIL -->\n                          <div class=\"col-md-12 post-thumbnail\">\n                              <a class=\"relative\" href=\"https:\/\/biopoultry.eu\/fr\/poulailler-mobile-mobile-t-1700-t-3000\/\">\n                                <div class=\"featured_image_blog\"><img class=\"blog_post_image\" src=\"https:\/\/biopoultry.eu\/wp-content\/uploads\/2022\/02\/T-1700-i-T-3000-fot.5.jpg\" alt=\"Poulailler mobile MOBILE T-1700 & T-3000\" \/><div class=\"flex-zone\">\n                                     <div class=\"flex-zone-inside\"><i class=\"fa fa-plus\" aria-hidden=\"true\"><\/i><\/div>\n                                  <\/div>\n                                <\/div>\n                              <\/a>\n                          <\/div>\n                          <!-- POST DETAILS -->\n                          <div class=\"post-details col-md-12\">\n                            <div class=\"post-category-comment-date\">\n                                <span class=\"post-date\">janvier 21, 2021<\/span>\n                            <\/div>\n                            <h3 class=\"post-name row\">\n                              <a href=\"https:\/\/biopoultry.eu\/fr\/poulailler-mobile-mobile-t-1700-t-3000\/\" title=\"Poulailler mobile MOBILE T-1700 &amp; T-3000\">Poulailler mobile MOBILE T-1700 & T-3000<\/a>\n                            <\/h3>\n                            <div class=\"post-excerpt row\">\n                                <p>[vc_row full_width=\u00a0\u00bbstretch_row\u00a0\u00bb css=\u00a0\u00bb.vc_custom_1644242256502{margin-top: 0px !important;margin-bottom: 0px !important;padding-top: 0px !important;padding-bottom:...<\/p>\n                                <div class=\"text-element content-element\">\n                                    <p> <a class=\"more-link\" href=\"https:\/\/biopoultry.eu\/fr\/poulailler-mobile-mobile-t-1700-t-3000\/\">read more<\/a><\/p>\n                                <\/div>\n                            <\/div>\n                          <\/div>                       \n                        <\/div>\n                      <\/article>\n                    <\/div><\/div><\/div>[\/vc_column][\/vc_row]<\/p>\n","protected":false},"excerpt":{"rendered":"<p>[vc_row css=\u00a0\u00bb.vc_custom_1644324414446{margin-top: 70px !important;margin-bottom: 0px !important;padding-bottom: 0px !important;}\u00a0\u00bb][vc_column css_animation=\u00a0\u00bbfadeInUp\u00a0\u00bb width=\u00a0\u00bb1\/2&Prime; css=\u00a0\u00bb.vc_custom_1620808464435{padding-top: 0px !important;}\u00a0\u00bb el_class=\u00a0\u00bbabout-video\u00a0\u00bb][vc_single_image image=\u00a0\u00bb3689&Prime; img_size=\u00a0\u00bbfull\u00a0\u00bb alignment=\u00a0\u00bbcenter\u00a0\u00bb css=\u00a0\u00bb.vc_custom_1643888615057{padding-top: 0px !important;}\u00a0\u00bb][vc_row_inner disable_element=\u00a0\u00bbyes\u00a0\u00bb css=\u00a0\u00bb.vc_custom_1643888204733{margin-top: -120px !important;margin-bottom: 0px !important;margin-left: -30px !important;}\u00a0\u00bb][vc_column_inner][\/vc_column_inner][\/vc_row_inner][\/vc_column][vc_column width=\u00a0\u00bb1\/2&Prime;][vc_empty_space height=\u00a0\u00bb30px\u00a0\u00bb][vc_column_text css_animation=\u00a0\u00bbfadeInUp\u00a0\u00bb] Nous coop\u00e9rons avec des entreprises leaders et innovantes qui produisent des \u00e9quipements pour les fermes avicoles et nous offrons un service complet dans toute [&hellip;]<\/p>\n","protected":false},"author":1,"featured_media":0,"parent":0,"menu_order":0,"comment_status":"closed","ping_status":"closed","template":"","meta":[],"_links":{"self":[{"href":"https:\/\/biopoultry.eu\/fr\/wp-json\/wp\/v2\/pages\/4294"}],"collection":[{"href":"https:\/\/biopoultry.eu\/fr\/wp-json\/wp\/v2\/pages"}],"about":[{"href":"https:\/\/biopoultry.eu\/fr\/wp-json\/wp\/v2\/types\/page"}],"author":[{"embeddable":true,"href":"https:\/\/biopoultry.eu\/fr\/wp-json\/wp\/v2\/users\/1"}],"replies":[{"embeddable":true,"href":"https:\/\/biopoultry.eu\/fr\/wp-json\/wp\/v2\/comments?post=4294"}],"version-history":[{"count":6,"href":"https:\/\/biopoultry.eu\/fr\/wp-json\/wp\/v2\/pages\/4294\/revisions"}],"predecessor-version":[{"id":4391,"href":"https:\/\/biopoultry.eu\/fr\/wp-json\/wp\/v2\/pages\/4294\/revisions\/4391"}],"wp:attachment":[{"href":"https:\/\/biopoultry.eu\/fr\/wp-json\/wp\/v2\/media?parent=4294"}],"curies":[{"name":"wp","href":"https:\/\/api.w.org\/{rel}","templated":true}]}}