{"id":4297,"date":"2018-06-22T09:18:49","date_gmt":"2018-06-22T07:18:49","guid":{"rendered":"https:\/\/biopoultry.eu\/produits\/"},"modified":"2022-03-10T16:05:08","modified_gmt":"2022-03-10T15:05:08","slug":"produits","status":"publish","type":"page","link":"https:\/\/biopoultry.eu\/fr\/produits\/","title":{"rendered":"Produits"},"content":{"rendered":"<p>[vc_row css=\u00a0\u00bb.vc_custom_1643894000897{margin-top: 55px !important;}\u00a0\u00bb][vc_column][vc_row_inner css=\u00a0\u00bb.vc_custom_1531382419229{margin-top: 50px !important;margin-bottom: 0px !important;}\u00a0\u00bb][vc_column_inner el_class=\u00a0\u00bbservices-tilte\u00a0\u00bb width=\u00a0\u00bb1\/3&Prime;]<div class=\"title-subtile-holder wow fadeInUp text_left\"><div class=\"subtitle-wrapper\"><span class=\"section-border left orange_border\"><\/span><span class=\"section-subtitle orange_subtitle\">POULAILLER MOBILE \u00c9COLOGIQUE<\/span><span class=\"section-border right orange_border\"><\/span><\/div><h2 class=\"section-title dark_title\">Le niveau sup\u00e9rieur de l'agriculture biologique !<\/h2><\/div>[\/vc_column_inner][vc_column_inner width=\u00a0\u00bb2\/3&Prime;][vc_column_text]<\/p>\n<p>Poulaillers mobiles <strong>MOBILE T<\/strong> sont des logements modernes et abordables pour les poules pondeuses dans la production d&rsquo;\u0153ufs biologiques et en plein air. L&rsquo;\u00e9quipement du poulailler est id\u00e9al pour une production moderne gr\u00e2ce \u00e0 l&rsquo;utilisation d&rsquo;\u00e9quipements, d&rsquo;accessoires et de dispositifs de contr\u00f4le et de mesure de qualit\u00e9 sup\u00e9rieure.<br \/> Le poulailler peut \u00eatre aliment\u00e9 par des \u00e9nergies renouvelables. La possibilit\u00e9 d&rsquo;installer des syst\u00e8mes photovolta\u00efques fournira l&rsquo;\u00e9nergie n\u00e9cessaire au fonctionnement des mangeoires et de l&rsquo;\u00e9clairage. Le poulailler est une construction \u00e9tanche \u00e0 l&rsquo;air, le parcours ext\u00e9rieur peut \u00eatre prot\u00e9g\u00e9 en plus par un filet de protection. Toutes ces mesures prot\u00e8gent le poulailler des animaux sauvages : renards, faucons et autres pr\u00e9dateurs.<\/p>\n<p>[\/vc_column_text][\/vc_column_inner][\/vc_row_inner][\/vc_column][\/vc_row][vc_row css=\u00a0\u00bb.vc_custom_1643893979378{margin-top: 90px !important;margin-bottom: 75px !important;}\u00a0\u00bb][vc_column css=\u00a0\u00bb.vc_custom_1617803397482{padding-top: 0px !important;}\u00a0\u00bb]<div class=\"title-subtile-holder wow fadeInUp text_center\"><div class=\"subtitle-wrapper\"><span class=\"section-border left orange_border\"><\/span><span class=\"section-subtitle orange_subtitle\">CONSULTEZ NOTRE OFFRE<\/span><span class=\"section-border right orange_border\"><\/span><\/div><h2 class=\"section-title dark_title\">Poulaillers mobiles MOBILE T<\/h2><\/div>[vc_empty_space height=\u00a0\u00bb30px\u00a0\u00bb]<div class=\"blog-posts simple-posts blog-posts-shortcode wow fadeInUp\"><div class=\"row\"><div class=\"vc_col-sm-4\">\n                      <article class=\"single-post list-view\">\n                        <div class=\"blog_custom\">\n                          <!-- POST THUMBNAIL -->\n                          <div class=\"col-md-12 post-thumbnail\">\n                              <a class=\"relative\" href=\"https:\/\/biopoultry.eu\/fr\/poulailler-mobile-mobile-t-100\/\">\n                                <div class=\"featured_image_blog\"><img class=\"blog_post_image\" src=\"https:\/\/biopoultry.eu\/wp-content\/uploads\/2022\/02\/T100-10.jpg\" alt=\"Poulailler mobile MOBILE T-100\" \/><div class=\"flex-zone\">\n                                     <div class=\"flex-zone-inside\"><i class=\"fa fa-plus\" aria-hidden=\"true\"><\/i><\/div>\n                                  <\/div>\n                                <\/div>\n                              <\/a>\n                          <\/div>\n                          <!-- POST DETAILS -->\n                          <div class=\"post-details col-md-12\">\n                            <div class=\"post-category-comment-date\">\n                                <span class=\"post-date\">avril 10, 2021<\/span>\n                            <\/div>\n                            <h3 class=\"post-name row\">\n                              <a href=\"https:\/\/biopoultry.eu\/fr\/poulailler-mobile-mobile-t-100\/\" title=\"Poulailler mobile MOBILE T-100\">Poulailler mobile MOBILE T-100<\/a>\n                            <\/h3>\n                            <div class=\"post-excerpt row\">\n                                <p>[vc_row full_width=\u00a0\u00bbstretch_row\u00a0\u00bb css=\u00a0\u00bb.vc_custom_1644242256502{margin-top: 0px !important;margin-bottom: 0px !important;padding-top: 0px !important;padding-bottom:...<\/p>\n                                <div class=\"text-element content-element\">\n                                    <p> <a class=\"more-link\" href=\"https:\/\/biopoultry.eu\/fr\/poulailler-mobile-mobile-t-100\/\">read more<\/a><\/p>\n                                <\/div>\n                            <\/div>\n                          <\/div>                       \n                        <\/div>\n                      <\/article>\n                    <\/div><div class=\"vc_col-sm-4\">\n                      <article class=\"single-post list-view\">\n                        <div class=\"blog_custom\">\n                          <!-- POST THUMBNAIL -->\n                          <div class=\"col-md-12 post-thumbnail\">\n                              <a class=\"relative\" href=\"https:\/\/biopoultry.eu\/fr\/poulailler-mobile-mobile-t-150\/\">\n                                <div class=\"featured_image_blog\"><img class=\"blog_post_image\" src=\"https:\/\/biopoultry.eu\/wp-content\/uploads\/2022\/02\/T150-00012.jpg\" alt=\"Poulailler mobile MOBILE T-150\" \/><div class=\"flex-zone\">\n                                     <div class=\"flex-zone-inside\"><i class=\"fa fa-plus\" aria-hidden=\"true\"><\/i><\/div>\n                                  <\/div>\n                                <\/div>\n                              <\/a>\n                          <\/div>\n                          <!-- POST DETAILS -->\n                          <div class=\"post-details col-md-12\">\n                            <div class=\"post-category-comment-date\">\n                                <span class=\"post-date\">mars 21, 2021<\/span>\n                            <\/div>\n                            <h3 class=\"post-name row\">\n                              <a href=\"https:\/\/biopoultry.eu\/fr\/poulailler-mobile-mobile-t-150\/\" title=\"Poulailler mobile MOBILE T-150\">Poulailler mobile MOBILE T-150<\/a>\n                            <\/h3>\n                            <div class=\"post-excerpt row\">\n                                <p>[vc_row full_width=\u00a0\u00bbstretch_row\u00a0\u00bb css=\u00a0\u00bb.vc_custom_1644242256502{margin-top: 0px !important;margin-bottom: 0px !important;padding-top: 0px !important;padding-bottom:...<\/p>\n                                <div class=\"text-element content-element\">\n                                    <p> <a class=\"more-link\" href=\"https:\/\/biopoultry.eu\/fr\/poulailler-mobile-mobile-t-150\/\">read more<\/a><\/p>\n                                <\/div>\n                            <\/div>\n                          <\/div>                       \n                        <\/div>\n                      <\/article>\n                    <\/div><div class=\"vc_col-sm-4\">\n                      <article class=\"single-post list-view\">\n                        <div class=\"blog_custom\">\n                          <!-- POST THUMBNAIL -->\n                          <div class=\"col-md-12 post-thumbnail\">\n                              <a class=\"relative\" href=\"https:\/\/biopoultry.eu\/fr\/poulailler-mobile-mobile-t-1700-t-3000\/\">\n                                <div class=\"featured_image_blog\"><img class=\"blog_post_image\" src=\"https:\/\/biopoultry.eu\/wp-content\/uploads\/2022\/02\/T-1700-i-T-3000-fot.5.jpg\" alt=\"Poulailler mobile MOBILE T-1700 & T-3000\" \/><div class=\"flex-zone\">\n                                     <div class=\"flex-zone-inside\"><i class=\"fa fa-plus\" aria-hidden=\"true\"><\/i><\/div>\n                                  <\/div>\n                                <\/div>\n                              <\/a>\n                          <\/div>\n                          <!-- POST DETAILS -->\n                          <div class=\"post-details col-md-12\">\n                            <div class=\"post-category-comment-date\">\n                                <span class=\"post-date\">janvier 21, 2021<\/span>\n                            <\/div>\n                            <h3 class=\"post-name row\">\n                              <a href=\"https:\/\/biopoultry.eu\/fr\/poulailler-mobile-mobile-t-1700-t-3000\/\" title=\"Poulailler mobile MOBILE T-1700 & T-3000\">Poulailler mobile MOBILE T-1700 & T-3000<\/a>\n                            <\/h3>\n                            <div class=\"post-excerpt row\">\n                                <p>[vc_row full_width=\u00a0\u00bbstretch_row\u00a0\u00bb css=\u00a0\u00bb.vc_custom_1644242256502{margin-top: 0px !important;margin-bottom: 0px !important;padding-top: 0px !important;padding-bottom:...<\/p>\n                                <div class=\"text-element content-element\">\n                                    <p> <a class=\"more-link\" href=\"https:\/\/biopoultry.eu\/fr\/poulailler-mobile-mobile-t-1700-t-3000\/\">read more<\/a><\/p>\n                                <\/div>\n                            <\/div>\n                          <\/div>                       \n                        <\/div>\n                      <\/article>\n                    <\/div><\/div><\/div>[\/vc_column][\/vc_row][vc_row][vc_column][vc_column_text]<\/p>\n<div id='gallery-11' class='gallery galleryid-4297 gallery-columns-6 gallery-size-thumbnail'><figure class='gallery-item'>\n\t\t\t<div class='gallery-icon landscape'>\n\t\t\t\t<a href='https:\/\/biopoultry.eu\/wp-content\/uploads\/2022\/02\/T100-08.jpg' title=\"\" data-rl_title=\"\" class=\"rl-gallery-link\" data-rl_caption=\"\" data-rel=\"lightbox-gallery-11\"><img width=\"400\" height=\"400\" src=\"https:\/\/biopoultry.eu\/wp-content\/uploads\/2022\/02\/T100-08-400x400.jpg\" class=\"attachment-thumbnail size-thumbnail\" alt=\"\" decoding=\"async\" loading=\"lazy\" srcset=\"https:\/\/biopoultry.eu\/wp-content\/uploads\/2022\/02\/T100-08-400x400.jpg 400w, https:\/\/biopoultry.eu\/wp-content\/uploads\/2022\/02\/T100-08-100x100.jpg 100w, https:\/\/biopoultry.eu\/wp-content\/uploads\/2022\/02\/T100-08-200x200.jpg 200w\" sizes=\"(max-width: 400px) 100vw, 400px\" \/><\/a>\n\t\t\t<\/div><\/figure><figure class='gallery-item'>\n\t\t\t<div class='gallery-icon landscape'>\n\t\t\t\t<a href='https:\/\/biopoultry.eu\/wp-content\/uploads\/2022\/02\/T-150-05.jpg' title=\"\" data-rl_title=\"\" class=\"rl-gallery-link\" data-rl_caption=\"\" data-rel=\"lightbox-gallery-11\"><img width=\"400\" height=\"400\" src=\"https:\/\/biopoultry.eu\/wp-content\/uploads\/2022\/02\/T-150-05-400x400.jpg\" class=\"attachment-thumbnail size-thumbnail\" alt=\"\" decoding=\"async\" loading=\"lazy\" srcset=\"https:\/\/biopoultry.eu\/wp-content\/uploads\/2022\/02\/T-150-05-400x400.jpg 400w, https:\/\/biopoultry.eu\/wp-content\/uploads\/2022\/02\/T-150-05-100x100.jpg 100w, https:\/\/biopoultry.eu\/wp-content\/uploads\/2022\/02\/T-150-05-200x200.jpg 200w\" sizes=\"(max-width: 400px) 100vw, 400px\" \/><\/a>\n\t\t\t<\/div><\/figure><figure class='gallery-item'>\n\t\t\t<div class='gallery-icon landscape'>\n\t\t\t\t<a href='https:\/\/biopoultry.eu\/wp-content\/uploads\/2022\/02\/T150-04.jpg' title=\"\" data-rl_title=\"\" class=\"rl-gallery-link\" data-rl_caption=\"\" data-rel=\"lightbox-gallery-11\"><img width=\"400\" height=\"400\" src=\"https:\/\/biopoultry.eu\/wp-content\/uploads\/2022\/02\/T150-04-400x400.jpg\" class=\"attachment-thumbnail size-thumbnail\" alt=\"\" decoding=\"async\" loading=\"lazy\" srcset=\"https:\/\/biopoultry.eu\/wp-content\/uploads\/2022\/02\/T150-04-400x400.jpg 400w, https:\/\/biopoultry.eu\/wp-content\/uploads\/2022\/02\/T150-04-100x100.jpg 100w, https:\/\/biopoultry.eu\/wp-content\/uploads\/2022\/02\/T150-04-200x200.jpg 200w\" sizes=\"(max-width: 400px) 100vw, 400px\" \/><\/a>\n\t\t\t<\/div><\/figure><figure class='gallery-item'>\n\t\t\t<div class='gallery-icon landscape'>\n\t\t\t\t<a href='https:\/\/biopoultry.eu\/wp-content\/uploads\/2022\/02\/T-1700-i-T-3000-fot.3.jpg' title=\"\" data-rl_title=\"\" class=\"rl-gallery-link\" data-rl_caption=\"\" data-rel=\"lightbox-gallery-11\"><img width=\"400\" height=\"400\" src=\"https:\/\/biopoultry.eu\/wp-content\/uploads\/2022\/02\/T-1700-i-T-3000-fot.3-400x400.jpg\" class=\"attachment-thumbnail size-thumbnail\" alt=\"\" decoding=\"async\" loading=\"lazy\" srcset=\"https:\/\/biopoultry.eu\/wp-content\/uploads\/2022\/02\/T-1700-i-T-3000-fot.3-400x400.jpg 400w, https:\/\/biopoultry.eu\/wp-content\/uploads\/2022\/02\/T-1700-i-T-3000-fot.3-100x100.jpg 100w, https:\/\/biopoultry.eu\/wp-content\/uploads\/2022\/02\/T-1700-i-T-3000-fot.3-200x200.jpg 200w\" sizes=\"(max-width: 400px) 100vw, 400px\" \/><\/a>\n\t\t\t<\/div><\/figure><figure class='gallery-item'>\n\t\t\t<div class='gallery-icon landscape'>\n\t\t\t\t<a href='https:\/\/biopoultry.eu\/wp-content\/uploads\/2022\/02\/T-1700-i-T-3000-fot.1.jpg' title=\"\" data-rl_title=\"\" class=\"rl-gallery-link\" data-rl_caption=\"\" data-rel=\"lightbox-gallery-11\"><img width=\"400\" height=\"400\" src=\"https:\/\/biopoultry.eu\/wp-content\/uploads\/2022\/02\/T-1700-i-T-3000-fot.1-400x400.jpg\" class=\"attachment-thumbnail size-thumbnail\" alt=\"\" decoding=\"async\" loading=\"lazy\" srcset=\"https:\/\/biopoultry.eu\/wp-content\/uploads\/2022\/02\/T-1700-i-T-3000-fot.1-400x400.jpg 400w, https:\/\/biopoultry.eu\/wp-content\/uploads\/2022\/02\/T-1700-i-T-3000-fot.1-100x100.jpg 100w, https:\/\/biopoultry.eu\/wp-content\/uploads\/2022\/02\/T-1700-i-T-3000-fot.1-200x200.jpg 200w\" sizes=\"(max-width: 400px) 100vw, 400px\" \/><\/a>\n\t\t\t<\/div><\/figure><figure class='gallery-item'>\n\t\t\t<div class='gallery-icon landscape'>\n\t\t\t\t<a href='https:\/\/biopoultry.eu\/wp-content\/uploads\/2022\/02\/T-1700-i-T-3000-fot.2.jpg' title=\"\" data-rl_title=\"\" class=\"rl-gallery-link\" data-rl_caption=\"\" data-rel=\"lightbox-gallery-11\"><img width=\"400\" height=\"400\" src=\"https:\/\/biopoultry.eu\/wp-content\/uploads\/2022\/02\/T-1700-i-T-3000-fot.2-400x400.jpg\" class=\"attachment-thumbnail size-thumbnail\" alt=\"\" decoding=\"async\" loading=\"lazy\" srcset=\"https:\/\/biopoultry.eu\/wp-content\/uploads\/2022\/02\/T-1700-i-T-3000-fot.2-400x400.jpg 400w, https:\/\/biopoultry.eu\/wp-content\/uploads\/2022\/02\/T-1700-i-T-3000-fot.2-100x100.jpg 100w, https:\/\/biopoultry.eu\/wp-content\/uploads\/2022\/02\/T-1700-i-T-3000-fot.2-200x200.jpg 200w\" sizes=\"(max-width: 400px) 100vw, 400px\" \/><\/a>\n\t\t\t<\/div><\/figure>\n\t\t<\/div>\n\n<p>[\/vc_column_text][\/vc_column][\/vc_row]<\/p>\n","protected":false},"excerpt":{"rendered":"<p>[vc_row css=\u00a0\u00bb.vc_custom_1643894000897{margin-top: 55px !important;}\u00a0\u00bb][vc_column][vc_row_inner css=\u00a0\u00bb.vc_custom_1531382419229{margin-top: 50px !important;margin-bottom: 0px !important;}\u00a0\u00bb][vc_column_inner el_class=\u00a0\u00bbservices-tilte\u00a0\u00bb width=\u00a0\u00bb1\/3&Prime;][\/vc_column_inner][vc_column_inner width=\u00a0\u00bb2\/3&Prime;][vc_column_text] Poulaillers mobiles MOBILE T sont des logements modernes et abordables pour les poules pondeuses dans la production d&rsquo;\u0153ufs biologiques et en plein air. L&rsquo;\u00e9quipement du poulailler est id\u00e9al pour une production moderne gr\u00e2ce \u00e0 l&rsquo;utilisation d&rsquo;\u00e9quipements, d&rsquo;accessoires et de dispositifs de contr\u00f4le et [&hellip;]<\/p>\n","protected":false},"author":1,"featured_media":4171,"parent":0,"menu_order":0,"comment_status":"closed","ping_status":"closed","template":"","meta":[],"_links":{"self":[{"href":"https:\/\/biopoultry.eu\/fr\/wp-json\/wp\/v2\/pages\/4297"}],"collection":[{"href":"https:\/\/biopoultry.eu\/fr\/wp-json\/wp\/v2\/pages"}],"about":[{"href":"https:\/\/biopoultry.eu\/fr\/wp-json\/wp\/v2\/types\/page"}],"author":[{"embeddable":true,"href":"https:\/\/biopoultry.eu\/fr\/wp-json\/wp\/v2\/users\/1"}],"replies":[{"embeddable":true,"href":"https:\/\/biopoultry.eu\/fr\/wp-json\/wp\/v2\/comments?post=4297"}],"version-history":[{"count":2,"href":"https:\/\/biopoultry.eu\/fr\/wp-json\/wp\/v2\/pages\/4297\/revisions"}],"predecessor-version":[{"id":4299,"href":"https:\/\/biopoultry.eu\/fr\/wp-json\/wp\/v2\/pages\/4297\/revisions\/4299"}],"wp:featuredmedia":[{"embeddable":true,"href":"https:\/\/biopoultry.eu\/fr\/wp-json\/wp\/v2\/media\/4171"}],"wp:attachment":[{"href":"https:\/\/biopoultry.eu\/fr\/wp-json\/wp\/v2\/media?parent=4297"}],"curies":[{"name":"wp","href":"https:\/\/api.w.org\/{rel}","templated":true}]}}