{"id":4300,"date":"2018-07-10T12:13:20","date_gmt":"2018-07-10T10:13:20","guid":{"rendered":"https:\/\/biopoultry.eu\/contact\/"},"modified":"2022-03-11T13:46:24","modified_gmt":"2022-03-11T12:46:24","slug":"contact","status":"publish","type":"page","link":"https:\/\/biopoultry.eu\/fr\/contact\/","title":{"rendered":"Contact"},"content":{"rendered":"<p>[vc_row css=\u00a0\u00bb.vc_custom_1644323279620{margin-top: 50px !important;margin-bottom: 10px !important;padding-top: 0px !important;padding-bottom: 0px !important;}\u00a0\u00bb][vc_column]<div class=\"title-subtile-holder wow fadeInUp text_left\"><div class=\"subtitle-wrapper\"><span class=\"section-border left orange_border\"><\/span><span class=\"section-subtitle orange_subtitle\">MOBILE POULTRY HOUSES<\/span><span class=\"section-border right orange_border\"><\/span><\/div><h2 class=\"section-title dark_title\">Contactez-nous<\/h2><\/div>[\/vc_column][\/vc_row][vc_row full_width=\u00a0\u00bbstretch_row\u00a0\u00bb gap=\u00a0\u00bb30&Prime; equal_height=\u00a0\u00bbyes\u00a0\u00bb content_placement=\u00a0\u00bbmiddle\u00a0\u00bb css=\u00a0\u00bb.vc_custom_1644323273345{margin-top: 0px !important;margin-bottom: 0px !important;padding-top: 0px !important;padding-bottom: 0px !important;background-position: center !important;background-repeat: no-repeat !important;background-size: cover !important;}\u00a0\u00bb][vc_column width=\u00a0\u00bb1\/3&Prime; css=\u00a0\u00bb.vc_custom_1643829087894{border-top-width: 1px !important;border-right-width: 1px !important;border-bottom-width: 1px !important;border-left-width: 1px !important;padding-top: 45px !important;padding-right: 20px !important;padding-bottom: 45px !important;padding-left: 20px !important;border-left-color: #dddddd !important;border-left-style: solid !important;border-right-color: #dddddd !important;border-right-style: solid !important;border-top-color: #dddddd !important;border-top-style: solid !important;border-bottom-color: #dddddd !important;border-bottom-style: solid !important;}\u00a0\u00bb][vc_single_image image=\u00a0\u00bb3564&Prime; img_size=\u00a0\u00bb\u00a0\u00bb alignment=\u00a0\u00bbcenter\u00a0\u00bb el_class=\u00a0\u00bbsvg-img01&Prime;][vc_column_text]<\/p>\n<p style=\"text-align: center; margin-bottom: -20px; font-weight: bold;\">TEFA Sp. z o.o. Sp. K.<\/p>\n<h2 style=\"font-size: 22px; color: #004075; text-align: center;\">\u0141ukasz Patyk<\/h2>\n<p style=\"text-align: center; margin-top: -5px;\">Key Account Manager<\/p>\n<p>[\/vc_column_text][vc_empty_space height=\u00a0\u00bb15px\u00a0\u00bb]<div class=\"mt-icon-list-item wow \"><a href=\"tel:+48784697840\"><div class=\"mt-icon-list-icon-holder\">\n                  <div class=\"mt-icon-list-icon-holder-inner clearfix\"><i style=\"margin-right:px; color:;font-size:20px\" class=\"fa fa-phone\"><\/i><\/div>\n                <\/div>\n                <p class=\"mt-icon-list-text\" style=\"font-size: 20px; color: \">+48 784 697 840<\/p><\/a><\/div><div class=\"mt-icon-list-item wow \"><a href=\"mailto:l.patyk@tefa.pl\"><div class=\"mt-icon-list-icon-holder\">\n                  <div class=\"mt-icon-list-icon-holder-inner clearfix\"><i style=\"margin-right:px; color:;font-size:20px\" class=\"fa fa-envelope\"><\/i><\/div>\n                <\/div>\n                <p class=\"mt-icon-list-text\" style=\"font-size: 20px; color: \">l.patyk@tefa.pl<\/p><\/a><\/div>[\/vc_column][vc_column width=\u00a0\u00bb2\/3&Prime; css=\u00a0\u00bb.vc_custom_1643915448129{padding-top: 20px !important;padding-right: 30px !important;padding-bottom: 30px !important;padding-left: 30px !important;background-color: #00a651 !important;}\u00a0\u00bb]\n<div class=\"wpcf7 no-js\" id=\"wpcf7-f4280-o1\" lang=\"\" dir=\"ltr\">\n<div class=\"screen-reader-response\"><p role=\"status\" aria-live=\"polite\" aria-atomic=\"true\"><\/p> <ul><\/ul><\/div>\n<form action=\"\/fr\/wp-json\/wp\/v2\/pages\/4300#wpcf7-f4280-o1\" method=\"post\" class=\"wpcf7-form init wpcf7-acceptance-as-validation\" aria-label=\"Formulaire de contact\" novalidate=\"novalidate\" data-status=\"init\">\n<div style=\"display: none;\">\n<input type=\"hidden\" name=\"_wpcf7\" value=\"4280\" \/>\n<input type=\"hidden\" name=\"_wpcf7_version\" value=\"5.7.7\" \/>\n<input type=\"hidden\" name=\"_wpcf7_locale\" value=\"\" \/>\n<input type=\"hidden\" name=\"_wpcf7_unit_tag\" value=\"wpcf7-f4280-o1\" \/>\n<input type=\"hidden\" name=\"_wpcf7_container_post\" value=\"0\" \/>\n<input type=\"hidden\" name=\"_wpcf7_posted_data_hash\" value=\"\" \/>\n<\/div>\n<div class=\"wega-contact g44-form1 row\">\n\t<div class=\"col-md-12\">\n\t\t<p><label><span class=\"wpcf7-form-control-wrap\" data-name=\"your-name\"><input size=\"40\" class=\"wpcf7-form-control wpcf7-text wpcf7-validates-as-required\" aria-required=\"true\" aria-invalid=\"false\" placeholder=\"Votre nom\" value=\"\" type=\"text\" name=\"your-name\" \/><\/span><\/label>\n\t\t<\/p>\n\t<\/div>\n\t<div class=\"col-md-6\">\n\t\t<p><label><span class=\"wpcf7-form-control-wrap\" data-name=\"your-tel\"><input size=\"40\" class=\"wpcf7-form-control wpcf7-text wpcf7-tel wpcf7-validates-as-tel\" aria-invalid=\"false\" placeholder=\"Votre num\u00e9ro\" value=\"\" type=\"tel\" name=\"your-tel\" \/><\/span><\/label>\n\t\t<\/p>\n\t<\/div>\n\t<div class=\"col-md-6\">\n\t\t<p><label><span class=\"wpcf7-form-control-wrap\" data-name=\"your-email\"><input size=\"40\" class=\"wpcf7-form-control wpcf7-text wpcf7-email wpcf7-validates-as-required wpcf7-validates-as-email\" aria-required=\"true\" aria-invalid=\"false\" placeholder=\"Votre e-mail\" value=\"\" type=\"email\" name=\"your-email\" \/><\/span><\/label>\n\t\t<\/p>\n\t<\/div>\n\t<div class=\"col-md-12\">\n\t\t<p><label><span class=\"wpcf7-form-control-wrap\" data-name=\"your-message\"><textarea cols=\"40\" rows=\"10\" class=\"wpcf7-form-control wpcf7-textarea\" aria-invalid=\"false\" placeholder=\"Votre message...\" name=\"your-message\"><\/textarea><\/span><\/label>\n\t\t<\/p>\n\t<\/div>\n\t<div class=\"col-md-12\">\n\t\t<p><button type=\"submit\" class=\"wpcf7-form-control wpcf7-submit\">Envoyer <i class=\"fa fa-long-arrow-right\" aria-hidden=\"true\"><\/i><\/button>\n\t\t<\/p>\n\t<\/div>\n<\/div><div class=\"wpcf7-response-output\" aria-hidden=\"true\"><\/div>\n<\/form>\n<\/div>\n[\/vc_column][\/vc_row][vc_row full_width=\u00a0\u00bbstretch_row\u00a0\u00bb gap=\u00a0\u00bb30&Prime; equal_height=\u00a0\u00bbyes\u00a0\u00bb content_placement=\u00a0\u00bbmiddle\u00a0\u00bb css=\u00a0\u00bb.vc_custom_1643832823042{margin-top: 0px !important;margin-bottom: 0px !important;padding-top: 0px !important;padding-bottom: 70px !important;background-position: center !important;background-repeat: no-repeat !important;background-size: cover !important;}\u00a0\u00bb el_class=\u00a0\u00bbg44-column-reverse\u00a0\u00bb][vc_column width=\u00a0\u00bb2\/3&Prime; css=\u00a0\u00bb.vc_custom_1643829049647{padding-top: 0px !important;padding-right: 0px !important;padding-left: 0px !important;}\u00a0\u00bb][vc_raw_html]PGlmcmFtZSBzcmM9Imh0dHBzOi8vd3d3Lmdvb2dsZS5jb20vbWFwcy9lbWJlZD9wYj0hMW0xNCExbTghMW0zITFkNTA3NC4wODA0ODg2MjE4NjIhMmQxOC4yODE4NzkhM2Q1MC41MTQ4MTghM20yITFpMTAyNCEyaTc2OCE0ZjEzLjEhM20zITFtMiExczB4MCUzQTB4NGJiMjlmY2JmMTQzMzRmZSEyc1RFRkElMjBTcC4lMjB6JTIwby5vLiUyMFNwLksuITVlMCEzbTIhMXNwbCEyc3VzITR2MTY0MzgyNjAxNjMyMSE1bTIhMXNwbCEyc3VzIiB3aWR0aD0iMTAwJSIgaGVpZ2h0PSI0ODAiIHN0eWxlPSJib3JkZXI6MDsiIGFsbG93ZnVsbHNjcmVlbj0iIiBsb2FkaW5nPSJsYXp5Ij48L2lmcmFtZT4=[\/vc_raw_html][\/vc_column][vc_column width=\u00a0\u00bb1\/3&Prime; css=\u00a0\u00bb.vc_custom_1643829087894{border-top-width: 1px !important;border-right-width: 1px !important;border-bottom-width: 1px !important;border-left-width: 1px !important;padding-top: 45px !important;padding-right: 20px !important;padding-bottom: 45px !important;padding-left: 20px !important;border-left-color: #dddddd !important;border-left-style: solid !important;border-right-color: #dddddd !important;border-right-style: solid !important;border-top-color: #dddddd !important;border-top-style: solid !important;border-bottom-color: #dddddd !important;border-bottom-style: solid !important;}\u00a0\u00bb][vc_single_image image=\u00a0\u00bb3631&Prime; img_size=\u00a0\u00bb\u00a0\u00bb alignment=\u00a0\u00bbcenter\u00a0\u00bb el_class=\u00a0\u00bbsvg-img01&Prime; css=\u00a0\u00bb.vc_custom_1643832678726{margin-bottom: -25px !important;}\u00a0\u00bb][vc_column_text]<\/p>\n<h2 style=\"font-size: 22px; text-align: center; color: #004075;\">TEFA Sp. z o.o. Sp. K.<\/h2>\n<p>[\/vc_column_text][vc_empty_space height=\u00a0\u00bb8px\u00a0\u00bb][vc_column_text]<\/p>\n<p style=\"text-align: center;\">Fabryczna 1, 47-100 Strzelce Opolskie<\/p>\n<p style=\"text-align: center;\">NIP: PL 756-198-06-20<br \/>\nREGON: PL 36667186<\/p>\n<p style=\"text-align: center; line-height: 1em;\"><small>Tribunal de district d\u2019Opole, VIIIe D\u00e9partement de l&rsquo;Economie, KRS: 0000662839, Somme de la soci\u00e9t\u00e9 en commandite 70.000,00 PLN<\/small><\/p>\n<p>[\/vc_column_text][vc_empty_space height=\u00a0\u00bb20px\u00a0\u00bb][vc_column_text]<\/p>\n<p style=\"text-align: center;\">t\u00e9l. : (77) 440 07 00<br \/>\ninfo@tefa.pl<br \/>\n<a href=\"https:\/\/www.tefa.pl\" target=\"_blank\" rel=\"noopener nofollow\">www.tefa.pl<\/a><\/p>\n<p>[\/vc_column_text][\/vc_column][\/vc_row]<\/p>\n","protected":false},"excerpt":{"rendered":"<p>[vc_row css=\u00a0\u00bb.vc_custom_1644323279620{margin-top: 50px !important;margin-bottom: 10px !important;padding-top: 0px !important;padding-bottom: 0px !important;}\u00a0\u00bb][vc_column][\/vc_column][\/vc_row][vc_row full_width=\u00a0\u00bbstretch_row\u00a0\u00bb gap=\u00a0\u00bb30&Prime; equal_height=\u00a0\u00bbyes\u00a0\u00bb content_placement=\u00a0\u00bbmiddle\u00a0\u00bb css=\u00a0\u00bb.vc_custom_1644323273345{margin-top: 0px !important;margin-bottom: 0px !important;padding-top: 0px !important;padding-bottom: 0px !important;background-position: center !important;background-repeat: no-repeat !important;background-size: cover !important;}\u00a0\u00bb][vc_column width=\u00a0\u00bb1\/3&Prime; css=\u00a0\u00bb.vc_custom_1643829087894{border-top-width: 1px !important;border-right-width: 1px !important;border-bottom-width: 1px !important;border-left-width: 1px !important;padding-top: 45px !important;padding-right: 20px !important;padding-bottom: 45px !important;padding-left: 20px !important;border-left-color: #dddddd !important;border-left-style: solid !important;border-right-color: #dddddd !important;border-right-style: solid !important;border-top-color: [&hellip;]<\/p>\n","protected":false},"author":1,"featured_media":4173,"parent":0,"menu_order":0,"comment_status":"closed","ping_status":"closed","template":"","meta":[],"_links":{"self":[{"href":"https:\/\/biopoultry.eu\/fr\/wp-json\/wp\/v2\/pages\/4300"}],"collection":[{"href":"https:\/\/biopoultry.eu\/fr\/wp-json\/wp\/v2\/pages"}],"about":[{"href":"https:\/\/biopoultry.eu\/fr\/wp-json\/wp\/v2\/types\/page"}],"author":[{"embeddable":true,"href":"https:\/\/biopoultry.eu\/fr\/wp-json\/wp\/v2\/users\/1"}],"replies":[{"embeddable":true,"href":"https:\/\/biopoultry.eu\/fr\/wp-json\/wp\/v2\/comments?post=4300"}],"version-history":[{"count":3,"href":"https:\/\/biopoultry.eu\/fr\/wp-json\/wp\/v2\/pages\/4300\/revisions"}],"predecessor-version":[{"id":4364,"href":"https:\/\/biopoultry.eu\/fr\/wp-json\/wp\/v2\/pages\/4300\/revisions\/4364"}],"wp:featuredmedia":[{"embeddable":true,"href":"https:\/\/biopoultry.eu\/fr\/wp-json\/wp\/v2\/media\/4173"}],"wp:attachment":[{"href":"https:\/\/biopoultry.eu\/fr\/wp-json\/wp\/v2\/media?parent=4300"}],"curies":[{"name":"wp","href":"https:\/\/api.w.org\/{rel}","templated":true}]}}